{"id":325,"date":"2019-03-18T12:47:32","date_gmt":"2019-03-18T11:47:32","guid":{"rendered":"https:\/\/www.irisacqua.it\/?page_id=325"},"modified":"2020-07-15T15:31:14","modified_gmt":"2020-07-15T13:31:14","slug":"organizazion-struture","status":"publish","type":"page","link":"https:\/\/www.irisacqua.it\/fu\/aziende\/organizazion-struture\/","title":{"rendered":"Organizazion struture"},"content":{"rendered":"\n<p>Irisacqua e je une societ\u00e2t a capit\u00e2l dal dut public controlade dai 25 Comuns de Provincie di Gurize. E je regolade des normis che a si cjatin tal Stat\u00fbt, fat bon de Assemblee dai Socis ai 29 di Dicembar dal 2005.<\/p>\n\n\n\n<p>I orghins soci\u00e2i che a componin il sisteme di guvier di Irisacqua a son:<\/p>\n\n\n\n<ul class=\"wp-block-list\"><li>La Assemblee dai Socis<\/li><li>L&#8217;Aministrator unic&nbsp;<\/li><li>Il Consei sindac\u00e2l<\/li><li>La Direzion Gjener\u00e2l<\/li><\/ul>\n\n\n\n<p>L&#8217;Aministrator unic&nbsp;al \u00e8 nomen\u00e2ts di bande de Assemblee dai Socis cun durade trien\u00e2l.<\/p>\n\n\n\n<ul class=\"wp-block-list\"><li>Aministrator unic: Bolzan Mirio<\/li><\/ul>\n\n\n\n<p>Il Consei sindac\u00e2l, di cinc sindics jenfri cui doi suplents, al \u00e8 compon\u00fbt di:<\/p>\n\n\n\n<ul class=\"wp-block-list\"><li>President: Pascolin Alfredo<\/li><li>Sindic efet\u00eef: Ceccotti Sergio<\/li><li>Sindic efet\u00eef: Clemente Vilma<\/li><li>Sindic suplent: Boaro Maurizio<\/li><li>Sindic suplent: Pahor Valentina<\/li><\/ul>\n\n\n\n<p><\/p>\n","protected":false},"excerpt":{"rendered":"<p>Irisacqua e je une societ\u00e2t a capit\u00e2l dal dut public controlade dai 25 Comuns de Provincie di Gurize. E je regolade des normis che a si cjatin tal Stat\u00fbt, fat bon de Assemblee dai Socis ai 29 di Dicembar dal 2005. I orghins soci\u00e2i che a componin il sisteme di guvier di Irisacqua a son: [&hellip;]<\/p>\n","protected":false},"author":1,"featured_media":0,"parent":353,"menu_order":0,"comment_status":"closed","ping_status":"closed","template":"","meta":{"footnotes":""},"class_list":["post-325","page","type-page","status-publish","hentry"],"acf":[],"_links":{"self":[{"href":"https:\/\/www.irisacqua.it\/fu\/wp-json\/wp\/v2\/pages\/325","targetHints":{"allow":["GET"]}}],"collection":[{"href":"https:\/\/www.irisacqua.it\/fu\/wp-json\/wp\/v2\/pages"}],"about":[{"href":"https:\/\/www.irisacqua.it\/fu\/wp-json\/wp\/v2\/types\/page"}],"author":[{"embeddable":true,"href":"https:\/\/www.irisacqua.it\/fu\/wp-json\/wp\/v2\/users\/1"}],"replies":[{"embeddable":true,"href":"https:\/\/www.irisacqua.it\/fu\/wp-json\/wp\/v2\/comments?post=325"}],"version-history":[{"count":2,"href":"https:\/\/www.irisacqua.it\/fu\/wp-json\/wp\/v2\/pages\/325\/revisions"}],"predecessor-version":[{"id":826,"href":"https:\/\/www.irisacqua.it\/fu\/wp-json\/wp\/v2\/pages\/325\/revisions\/826"}],"up":[{"embeddable":true,"href":"https:\/\/www.irisacqua.it\/fu\/wp-json\/wp\/v2\/pages\/353"}],"wp:attachment":[{"href":"https:\/\/www.irisacqua.it\/fu\/wp-json\/wp\/v2\/media?parent=325"}],"curies":[{"name":"wp","href":"https:\/\/api.w.org\/{rel}","templated":true}]}}