{"id":335,"date":"2020-06-13T12:55:09","date_gmt":"2020-06-13T10:55:09","guid":{"rendered":"https:\/\/www.irisacqua.it\/?page_id=335"},"modified":"2020-08-27T10:16:18","modified_gmt":"2020-08-27T08:16:18","slug":"sedis-e-contats","status":"publish","type":"page","link":"https:\/\/www.irisacqua.it\/fu\/aziende\/sedis-e-contats\/","title":{"rendered":"Sedis e contats"},"content":{"rendered":"\n<p>Sede leg\u00e2l aministrativeVie IX Agosto 15 &#8211; 34170 Gurize<br>Telefon: <a href=\"tel:0481593111\">0481-593111<\/a><br>Fax: <a href=\"tel:0481593410\">0481-593410<\/a><br>Pueste eletroniche: <a href=\"mailto:info@irisacqua.it\">info@irisacqua.it<\/a><br>Pueste certificade: segreteria@irisacqua.telecompost.it<br>Sportei<strong>dal 17 settembre al 4 gennaio 2020<br><br>Gorizia: via IX Agosto 15<\/strong><br>Sabato: 8.30-12.30<br>Mercoled\u00ec Gioved\u00ec 08.30-16.30<\/p>\n\n\n\n<p><strong>Ronchi dei Legionari: via Cau de mezo 18<br><\/strong>Luned\u00ec 13.00-17.00<br>Marted\u00ec Venerd\u00ec 08.30-12.30<br>Numars vertsCall center <a href=\"tel:800993131\">800 99 31 31<\/a> (di lunis a vinars 08.00-20.00 sabide 08.00-13.00)<br>Autoleturis <a href=\"tel:800993191\">800 99 31 91<\/a> (di lunis a vinars 08.00-20.00 sabide 08.00-13.00)<br>Pront intervent <a href=\"tel:800993190\">800 99 31 90<\/a> (24 oris su 24 7 d\u00ees su 7)<\/p>\n","protected":false},"excerpt":{"rendered":"<p>Sede leg\u00e2l aministrativeVie IX Agosto 15 &#8211; 34170 GurizeTelefon: 0481-593111Fax: 0481-593410Pueste eletroniche: info@irisacqua.itPueste certificade: segreteria@irisacqua.telecompost.itSporteidal 17 settembre al 4 gennaio 2020 Gorizia: via IX Agosto 15Sabato: 8.30-12.30Mercoled\u00ec Gioved\u00ec 08.30-16.30 Ronchi dei Legionari: via Cau de mezo 18Luned\u00ec 13.00-17.00Marted\u00ec Venerd\u00ec 08.30-12.30Numars vertsCall center 800 99 31 31 (di lunis a vinars 08.00-20.00 sabide 08.00-13.00)Autoleturis 800 99 [&hellip;]<\/p>\n","protected":false},"author":1,"featured_media":0,"parent":353,"menu_order":0,"comment_status":"closed","ping_status":"closed","template":"","meta":{"footnotes":""},"class_list":["post-335","page","type-page","status-publish","hentry"],"acf":[],"_links":{"self":[{"href":"https:\/\/www.irisacqua.it\/fu\/wp-json\/wp\/v2\/pages\/335","targetHints":{"allow":["GET"]}}],"collection":[{"href":"https:\/\/www.irisacqua.it\/fu\/wp-json\/wp\/v2\/pages"}],"about":[{"href":"https:\/\/www.irisacqua.it\/fu\/wp-json\/wp\/v2\/types\/page"}],"author":[{"embeddable":true,"href":"https:\/\/www.irisacqua.it\/fu\/wp-json\/wp\/v2\/users\/1"}],"replies":[{"embeddable":true,"href":"https:\/\/www.irisacqua.it\/fu\/wp-json\/wp\/v2\/comments?post=335"}],"version-history":[{"count":2,"href":"https:\/\/www.irisacqua.it\/fu\/wp-json\/wp\/v2\/pages\/335\/revisions"}],"predecessor-version":[{"id":11341,"href":"https:\/\/www.irisacqua.it\/fu\/wp-json\/wp\/v2\/pages\/335\/revisions\/11341"}],"up":[{"embeddable":true,"href":"https:\/\/www.irisacqua.it\/fu\/wp-json\/wp\/v2\/pages\/353"}],"wp:attachment":[{"href":"https:\/\/www.irisacqua.it\/fu\/wp-json\/wp\/v2\/media?parent=335"}],"curies":[{"name":"wp","href":"https:\/\/api.w.org\/{rel}","templated":true}]}}