{"id":375,"date":"2017-07-24T11:36:00","date_gmt":"2017-07-24T09:36:00","guid":{"rendered":"https:\/\/www.irisacqua.it\/?page_id=375"},"modified":"2020-07-15T10:21:45","modified_gmt":"2020-07-15T08:21:45","slug":"fa-un-gnuf-colegament-idric","status":"publish","type":"page","link":"https:\/\/www.irisacqua.it\/fu\/aree-clients\/ce-che-si-a-di-fa-par-2\/fa-un-gnuf-colegament-idric\/","title":{"rendered":"F\u00e2 un gn\u00fbf colegament idric"},"content":{"rendered":"\n<p>Tal c\u00e2s di un gn\u00fbf colegament, o ben tal c\u00e2s che il s\u00eet nol sedi ancjem\u00f2 coleg\u00e2t ae r\u00eat di distribuzion, la procedure e je cheste:<\/p>\n\n\n\n<p>1.&nbsp;<strong>domande di prevent\u00eef<\/strong>: par domand\u00e2 al nestri person\u00e2l il prevent\u00eef pal colegament si \u00e0 di compil\u00e2 il&nbsp;<a href=\"https:\/\/www.irisacqua.it\/za-stranke\/registracija-novega-uporabnika-2\/?lang=sl\">modul<\/a>&nbsp;disponibil sul nestri s\u00eet e trasmetilu a Irisacqua in un di chescj m\u00fbts:<\/p>\n\n\n\n<ul class=\"wp-block-list\"><li>tal orari di viertidure al public dai sportei Irisacqua<\/li><li>mediant pueste eletroniche al recapit info@irisacqua.it<\/li><li>mediant fax al numar 0481 593 410<\/li><li>mediant servizi post\u00e2l al recapit di vie IX Agosto n. 15 &#8211; 34170 Gurize<\/li><\/ul>\n\n\n\n<p>2.&nbsp;<strong>sorel\u00fbc e prevent\u00eef<\/strong>: da\u00fbr de domande il person\u00e2l di Irisacqua al fisse un apontament par un sorel\u00fbc e par f\u00e2 un prevent\u00eef.<\/p>\n\n\n\n<p>3.&nbsp;<strong>colegament<\/strong>: i lav\u00f4rs di colegament a podaran tac\u00e2 NOME da\u00fbr dal paiament dal prevent\u00eef e il completament di bande di cui che al f\u00e2s domande dai lav\u00f4rs di competence (lis oparis idraulichis e di edilizie a son fatis de bande di Irisacqua fin al limit de propriet\u00e2t person\u00e2l di cui che al f\u00e2s domande); la pose dal contad\u00f4r e la ativazion de furnidure a tacaran dasp\u00f2 de firme dal contrat di soministrazion.<\/p>\n\n\n\n<p>Il paiament dal prevent\u00eef si \u00e0 di f\u00e2lu sul cont corint post\u00e2l&nbsp;<strong>IBAN CODE IT18 J 07601 12400 000074815739<\/strong>&nbsp;o sul cont corint bancjari&nbsp;<strong>IBAN CODE IT23 Z 03069 12499 10000 0003 256<\/strong>&nbsp;l\u00e0 de Intesa San Paolo &#8211; Agenzia di Gorizia, intest\u00e2ts a Irisacqua Srl.<br>Dasp\u00f2 dal colegament si podar\u00e0 tac\u00e2 cu la&nbsp;<a href=\"https:\/\/www.irisacqua.it\/aree-clients\/ativa-une-gnove-utence-2\/?lang=fu\">ativazion de utence<\/a>.<\/p>\n","protected":false},"excerpt":{"rendered":"<p>Tal c\u00e2s di un gn\u00fbf colegament, o ben tal c\u00e2s che il s\u00eet nol sedi ancjem\u00f2 coleg\u00e2t ae r\u00eat di distribuzion, la procedure e je cheste: 1.&nbsp;domande di prevent\u00eef: par domand\u00e2 al nestri person\u00e2l il prevent\u00eef pal colegament si \u00e0 di compil\u00e2 il&nbsp;modul&nbsp;disponibil sul nestri s\u00eet e trasmetilu a Irisacqua in un di chescj m\u00fbts: [&hellip;]<\/p>\n","protected":false},"author":1,"featured_media":0,"parent":11509,"menu_order":0,"comment_status":"closed","ping_status":"closed","template":"","meta":{"footnotes":""},"class_list":["post-375","page","type-page","status-publish","hentry"],"acf":[],"_links":{"self":[{"href":"https:\/\/www.irisacqua.it\/fu\/wp-json\/wp\/v2\/pages\/375","targetHints":{"allow":["GET"]}}],"collection":[{"href":"https:\/\/www.irisacqua.it\/fu\/wp-json\/wp\/v2\/pages"}],"about":[{"href":"https:\/\/www.irisacqua.it\/fu\/wp-json\/wp\/v2\/types\/page"}],"author":[{"embeddable":true,"href":"https:\/\/www.irisacqua.it\/fu\/wp-json\/wp\/v2\/users\/1"}],"replies":[{"embeddable":true,"href":"https:\/\/www.irisacqua.it\/fu\/wp-json\/wp\/v2\/comments?post=375"}],"version-history":[{"count":4,"href":"https:\/\/www.irisacqua.it\/fu\/wp-json\/wp\/v2\/pages\/375\/revisions"}],"predecessor-version":[{"id":665,"href":"https:\/\/www.irisacqua.it\/fu\/wp-json\/wp\/v2\/pages\/375\/revisions\/665"}],"up":[{"embeddable":true,"href":"https:\/\/www.irisacqua.it\/fu\/wp-json\/wp\/v2\/pages\/11509"}],"wp:attachment":[{"href":"https:\/\/www.irisacqua.it\/fu\/wp-json\/wp\/v2\/media?parent=375"}],"curies":[{"name":"wp","href":"https:\/\/api.w.org\/{rel}","templated":true}]}}