{"id":379,"date":"2020-07-14T11:41:25","date_gmt":"2020-07-14T09:41:25","guid":{"rendered":"https:\/\/www.irisacqua.it\/?page_id=379"},"modified":"2020-07-15T11:12:49","modified_gmt":"2020-07-15T09:12:49","slug":"allacciarsi-alla-fognatura","status":"publish","type":"page","link":"https:\/\/www.irisacqua.it\/fu\/aree-clients\/allacciarsi-alla-fognatura\/","title":{"rendered":"Coleg\u00e2si ae fognadure"},"content":{"rendered":"\n<p>Cui che al v\u00fbl coleg\u00e2si ae r\u00eat des fognaduris al \u00e0 di present\u00e2 a Irisacqua une richieste form\u00e2l di autorizazion al colegament compilant il modul relat\u00eef a seconde di chescj c\u00e2s:<\/p>\n\n\n\n<p>1.\u00a0<a href=\"https:\/\/www.irisacqua.it\/wp-content\/uploads\/2020\/07\/Modulo-PO02_2-aut-fognatura-DOM22_05_18.pdf\">Utence civ\u00eel o assimilade<\/a><br>2.\u00a0<a href=\"https:\/\/www.irisacqua.it\/wp-content\/uploads\/2020\/07\/Modulo-PO02_2-aut-fognatura-IND-22_05_18.pdf\">Utence industri\u00e2l<\/a><\/p>\n\n\n\n<p>zontant une copie dal paiament dai&nbsp;<a href=\"https:\/\/www.irisacqua.it\/ProxyVFS.axd?snode=20757&amp;stream=\">oblics pe istrutorie<\/a>&nbsp;de pratiche e di dute la documentazion segnade tal modul.<\/p>\n\n\n\n<p>Irisacqua e fasar\u00e0 un sorel\u00fbc e e prontar\u00e0 un prevent\u00eef.<\/p>\n\n\n\n<p>L&#8217;utent nol \u00e8 oble\u00e2t a afid\u00e2si a Irisacqua par realiz\u00e2 il colegament ma al po indre\u00e7\u00e2si a une dite di fiducie. In chest c\u00e2s al \u00e0 paraltri l&#8217;oblic di comunic\u00e2 il non de dite che e f\u00e2s i lav\u00f4rs e la date di inizi e conclusion dai lav\u00f4rs che a varan di jessi colaud\u00e2ts dal person\u00e2l di Irisacqua prime che il colegament al sedi complet\u00e2t.<\/p>\n\n\n\n<p>Lis utencis produtivis, in plui de domade di autorizazion al colegament di present\u00e2 a Irisacqua, a \u00e0n l&#8217;oblic di present\u00e2 al CATO la\u00a0<a href=\"https:\/\/www.irisacqua.it\/wp-content\/uploads\/2020\/07\/CATO_Richiesta_autorizzazione_scarico-agg-22.07.13.pdf\">richieste di autorizazion al scaric<\/a>\u00a0e di domand\u00e2 che al sedi\u00a0<a href=\"https:\/\/www.irisacqua.it\/wp-content\/uploads\/2020\/07\/CATO_Richiesta_rinnovo_aut_scarico-agg-22.07.13.pdf\">rinov\u00e2t cun scjadince cuadrien\u00e2l<\/a>.<br>In c\u00e2s di subjentrade, lis utencis industri\u00e2ls a \u00e0n l&#8217;oblic di domand\u00e2 la\u00a0<a href=\"https:\/\/www.irisacqua.it\/wp-content\/uploads\/2020\/07\/CATO_Richiesta_voltura_aut_allacciamento_e_scarico-agg-22.07.13.pdf\">volture de autorizazion<\/a>\u00a0al CATO.<br>Pes informazions completis si \u00e0 di cjal\u00e2 il\u00a0<a href=\"https:\/\/www.irisacqua.it\/wp-content\/uploads\/2020\/07\/Regolamento-fognatura-1-1.pdf\">Regolament Fognadure<\/a>.<\/p>\n","protected":false},"excerpt":{"rendered":"<p>Cui che al v\u00fbl coleg\u00e2si ae r\u00eat des fognaduris al \u00e0 di present\u00e2 a Irisacqua une richieste form\u00e2l di autorizazion al colegament compilant il modul relat\u00eef a seconde di chescj c\u00e2s: 1.\u00a0Utence civ\u00eel o assimilade2.\u00a0Utence industri\u00e2l zontant une copie dal paiament dai&nbsp;oblics pe istrutorie&nbsp;de pratiche e di dute la documentazion segnade tal modul. Irisacqua e [&hellip;]<\/p>\n","protected":false},"author":1,"featured_media":0,"parent":368,"menu_order":0,"comment_status":"closed","ping_status":"closed","template":"","meta":{"footnotes":""},"class_list":["post-379","page","type-page","status-publish","hentry"],"acf":[],"_links":{"self":[{"href":"https:\/\/www.irisacqua.it\/fu\/wp-json\/wp\/v2\/pages\/379","targetHints":{"allow":["GET"]}}],"collection":[{"href":"https:\/\/www.irisacqua.it\/fu\/wp-json\/wp\/v2\/pages"}],"about":[{"href":"https:\/\/www.irisacqua.it\/fu\/wp-json\/wp\/v2\/types\/page"}],"author":[{"embeddable":true,"href":"https:\/\/www.irisacqua.it\/fu\/wp-json\/wp\/v2\/users\/1"}],"replies":[{"embeddable":true,"href":"https:\/\/www.irisacqua.it\/fu\/wp-json\/wp\/v2\/comments?post=379"}],"version-history":[{"count":7,"href":"https:\/\/www.irisacqua.it\/fu\/wp-json\/wp\/v2\/pages\/379\/revisions"}],"predecessor-version":[{"id":700,"href":"https:\/\/www.irisacqua.it\/fu\/wp-json\/wp\/v2\/pages\/379\/revisions\/700"}],"up":[{"embeddable":true,"href":"https:\/\/www.irisacqua.it\/fu\/wp-json\/wp\/v2\/pages\/368"}],"wp:attachment":[{"href":"https:\/\/www.irisacqua.it\/fu\/wp-json\/wp\/v2\/media?parent=379"}],"curies":[{"name":"wp","href":"https:\/\/api.w.org\/{rel}","templated":true}]}}