{"id":411,"date":"2020-07-14T12:06:36","date_gmt":"2020-07-14T10:06:36","guid":{"rendered":"https:\/\/www.irisacqua.it\/?page_id=411"},"modified":"2020-07-15T11:26:36","modified_gmt":"2020-07-15T09:26:36","slug":"ativa-une-gnove-utence-2","status":"publish","type":"page","link":"https:\/\/www.irisacqua.it\/fu\/aree-clients\/ce-che-si-a-di-fa-par-2\/ativa-une-gnove-utence-2\/","title":{"rendered":"Ativ\u00e2 une gnove utence"},"content":{"rendered":"\n<p>Par ativ\u00e2 la furnidure si \u00e0 di compil\u00e2 il\u00a0<a href=\"https:\/\/www.irisacqua.it\/wp-content\/uploads\/2020\/07\/Modulo-Attivazione-Utenza-19_11_19.pdf\">modul\u00a0<\/a>disponibil sul nestri s\u00eet cun in zonte la documentazion domandade e present\u00e2lu a Irisacqua in chescj m\u00fbts:<\/p>\n\n\n\n<ul class=\"wp-block-list\"><li>tal orari di viertidure al public dai sportei Irisacqua<\/li><li>mediant pueste eletroniche al recapit info@irisacqua.it<\/li><li>mediant fax al numar 0481 593 410<\/li><li>mediant servizi post\u00e2l al recapit di vie IX Agosto n. 15 &#8211; 34170 Gurize<\/li><\/ul>\n\n\n\n<p>La procedure e sar\u00e0 compagne sedi tal c\u00e2s di une gnove utence sedi tal c\u00e2s di une subjentrade\/volture.<br>La stipule dal contrat di soministrazion e je subordenade al paiament anticip\u00e2t des\u00a0<a href=\"https:\/\/www.irisacqua.it\/wp-content\/uploads\/2020\/07\/Info-spese-attivazione-utenza-agg-24.07.18.pdf\">spesis di ativazion dal servizi<\/a>\u00a0su la fonde de struture tarifarie.<\/p>\n\n\n\n<p>Dentri di cinc d\u00ees de stipule dal contrat il person\u00e2l di Irisacqua al proviodar\u00e0 a ativ\u00e2 i contad\u00f4rs.<br>Pes informazions completis si \u00e0 di cjal\u00e2 il\u00a0<a href=\"https:\/\/www.irisacqua.it\/wp-content\/uploads\/2020\/07\/Regolamento-Acquedotto-approvato.pdf\">Regolament Acuedot<\/a>\u00a0e il\u00a0<a href=\"https:\/\/www.irisacqua.it\/wp-content\/uploads\/2020\/07\/Applicazione-Depositi-cauzionali-delibera-86-13-aggiornamento-del-22-10-2019.pdf\">Regolament pal dipuesit de cauzion<\/a>.<\/p>\n","protected":false},"excerpt":{"rendered":"<p>Par ativ\u00e2 la furnidure si \u00e0 di compil\u00e2 il\u00a0modul\u00a0disponibil sul nestri s\u00eet cun in zonte la documentazion domandade e present\u00e2lu a Irisacqua in chescj m\u00fbts: tal orari di viertidure al public dai sportei Irisacqua mediant pueste eletroniche al recapit info@irisacqua.it mediant fax al numar 0481 593 410 mediant servizi post\u00e2l al recapit di vie IX [&hellip;]<\/p>\n","protected":false},"author":1,"featured_media":0,"parent":11509,"menu_order":0,"comment_status":"closed","ping_status":"closed","template":"","meta":{"footnotes":""},"class_list":["post-411","page","type-page","status-publish","hentry"],"acf":[],"_links":{"self":[{"href":"https:\/\/www.irisacqua.it\/fu\/wp-json\/wp\/v2\/pages\/411","targetHints":{"allow":["GET"]}}],"collection":[{"href":"https:\/\/www.irisacqua.it\/fu\/wp-json\/wp\/v2\/pages"}],"about":[{"href":"https:\/\/www.irisacqua.it\/fu\/wp-json\/wp\/v2\/types\/page"}],"author":[{"embeddable":true,"href":"https:\/\/www.irisacqua.it\/fu\/wp-json\/wp\/v2\/users\/1"}],"replies":[{"embeddable":true,"href":"https:\/\/www.irisacqua.it\/fu\/wp-json\/wp\/v2\/comments?post=411"}],"version-history":[{"count":3,"href":"https:\/\/www.irisacqua.it\/fu\/wp-json\/wp\/v2\/pages\/411\/revisions"}],"predecessor-version":[{"id":708,"href":"https:\/\/www.irisacqua.it\/fu\/wp-json\/wp\/v2\/pages\/411\/revisions\/708"}],"up":[{"embeddable":true,"href":"https:\/\/www.irisacqua.it\/fu\/wp-json\/wp\/v2\/pages\/11509"}],"wp:attachment":[{"href":"https:\/\/www.irisacqua.it\/fu\/wp-json\/wp\/v2\/media?parent=411"}],"curies":[{"name":"wp","href":"https:\/\/api.w.org\/{rel}","templated":true}]}}