{"id":429,"date":"2020-07-14T12:28:00","date_gmt":"2020-07-14T10:28:00","guid":{"rendered":"https:\/\/www.irisacqua.it\/?page_id=429"},"modified":"2020-07-15T11:37:36","modified_gmt":"2020-07-15T09:37:36","slug":"disdeta-une-utence","status":"publish","type":"page","link":"https:\/\/www.irisacqua.it\/fu\/aree-clients\/ce-che-si-a-di-fa-par-2\/disdeta-une-utence\/","title":{"rendered":"Disdet\u00e2 une utence"},"content":{"rendered":"\n<p>Il client che al cambie domicili o che al mude la sede de aziende al \u00e0 di comunic\u00e2lu daurman a Irisacqua domandant la disdete dal contrat di soministrazion. In mancjance di cheste comunicazion, al reste responsabil in solit viers Irisacqua Srl pal paiament di ce che i subjentrants a podaressin consum\u00e2 e ancje di cualsisedi altri dam pat\u00eet.<\/p>\n\n\n\n<p>La disdete e \u00e0 di jessi fate doprant il\u00a0<a href=\"https:\/\/www.irisacqua.it\/wp-content\/uploads\/2020\/07\/Modulo-Disdetta-Utenza-19_11_19.pdf\">modul<\/a>, disponibil in linie e l\u00e0 dai nestris sportei, e si pues present\u00e2le a Irisacqua<\/p>\n\n\n\n<ul class=\"wp-block-list\"><li>tal orari di viertidure al public dai sportei Irisacqua<\/li><li>mediant pueste eletroniche al recapit info@irisacqua.it<\/li><li>mediant fax al numar 0481 593 410<\/li><li>mediant servizi post\u00e2l al recapit di vie IX Agosto n. 15 &#8211; 34170 Gurize<\/li><\/ul>\n\n\n\n<p>L&#8217;operazion no \u00e0 nissun cost e e ven fate dentri di 6 d\u00ees de presentazion dal modul.<br>Tal c\u00e2s che il gjest\u00f4r nol sedi met\u00fbt in st\u00e2t di oper\u00e2 la disativazion par cause di ubicazion dal contad\u00f4r dentri de propriet\u00e2t privade e\/o in ducj i c\u00e2s di posizion no acessibil o cun acessibilit\u00e2t condizionade, la disdete e je di intindisi anulade a ducj i efiets di le\u00e7 lassant l&#8217;utent titol\u00e2r de utence.<br>Dasp\u00f2 de disdete al client i rivar\u00e0 une bolete fin\u00e2l cui consums fatur\u00e2ts, altris adebits (o acredits) rest\u00e2ts e il rimbors des eventu\u00e2ls cauzions (comprend\u00fbts i inter\u00e8s madurats).<\/p>\n","protected":false},"excerpt":{"rendered":"<p>Il client che al cambie domicili o che al mude la sede de aziende al \u00e0 di comunic\u00e2lu daurman a Irisacqua domandant la disdete dal contrat di soministrazion. In mancjance di cheste comunicazion, al reste responsabil in solit viers Irisacqua Srl pal paiament di ce che i subjentrants a podaressin consum\u00e2 e ancje di cualsisedi [&hellip;]<\/p>\n","protected":false},"author":1,"featured_media":0,"parent":11509,"menu_order":0,"comment_status":"closed","ping_status":"closed","template":"","meta":{"footnotes":""},"class_list":["post-429","page","type-page","status-publish","hentry"],"acf":[],"_links":{"self":[{"href":"https:\/\/www.irisacqua.it\/fu\/wp-json\/wp\/v2\/pages\/429","targetHints":{"allow":["GET"]}}],"collection":[{"href":"https:\/\/www.irisacqua.it\/fu\/wp-json\/wp\/v2\/pages"}],"about":[{"href":"https:\/\/www.irisacqua.it\/fu\/wp-json\/wp\/v2\/types\/page"}],"author":[{"embeddable":true,"href":"https:\/\/www.irisacqua.it\/fu\/wp-json\/wp\/v2\/users\/1"}],"replies":[{"embeddable":true,"href":"https:\/\/www.irisacqua.it\/fu\/wp-json\/wp\/v2\/comments?post=429"}],"version-history":[{"count":2,"href":"https:\/\/www.irisacqua.it\/fu\/wp-json\/wp\/v2\/pages\/429\/revisions"}],"predecessor-version":[{"id":717,"href":"https:\/\/www.irisacqua.it\/fu\/wp-json\/wp\/v2\/pages\/429\/revisions\/717"}],"up":[{"embeddable":true,"href":"https:\/\/www.irisacqua.it\/fu\/wp-json\/wp\/v2\/pages\/11509"}],"wp:attachment":[{"href":"https:\/\/www.irisacqua.it\/fu\/wp-json\/wp\/v2\/media?parent=429"}],"curies":[{"name":"wp","href":"https:\/\/api.w.org\/{rel}","templated":true}]}}