{"id":464,"date":"2020-07-14T13:15:00","date_gmt":"2020-07-14T11:15:00","guid":{"rendered":"https:\/\/www.irisacqua.it\/?page_id=464"},"modified":"2020-07-15T12:23:57","modified_gmt":"2020-07-15T10:23:57","slug":"gjestion-dai-spandiments","status":"publish","type":"page","link":"https:\/\/www.irisacqua.it\/fu\/aree-clients\/gjestion-dai-spandiments\/","title":{"rendered":"Gjestion dai spandiments"},"content":{"rendered":"\n<p>Lis oparis realizadis di l\u00e0 dal pont di consegne, o ben a v\u00e2l dal contad\u00f4r, a son di propriet\u00e2t dal utent, che al \u00e8 duncje dal dut responsabil sedi tai c\u00e2s civ\u00eei che pen\u00e2i.<br>Irisacqua duncje, no rispuint pai dams che a derivin di vuascj tai implants idrics priv\u00e2ts e no conc\u00eat sconts par eventu\u00e2ls dispersions o spandiments dai implants di l\u00e0 dal contad\u00f4r, par cualsisedi cause produs\u00fbts.<\/p>\n\n\n\n<p>Te eventualit\u00e2t di dispersions di aghe tal implant priv\u00e2t che a derivin di spandiments plat\u00e2ts, caus\u00e2ts de roture di implants intier\u00e2ts, mur\u00e2ts o ciment\u00e2ts e dut c\u00e2s no rilevabii dal di f\u00fbr in m\u00fbt diret e evident e che no sedin causadis di trascuratece, a tac\u00e2 dal 1n di Setembar 2013 Irisacqua e \u00e0 ativade une polize di sigurazion.<br>La polize e garant\u00ecs ai sigur\u00e2ts il risarciment dai coscj che a son st\u00e2ts zont\u00e2ts in bolete.<br>No son di consider\u00e2 invezit spandiments plat\u00e2ts, chei che a rivuardin il spandiment di rubinets e parts di implants sanitariis di solevament o simil\u00e2rs.<\/p>\n\n\n\n<p>Tal c\u00e2s che al sedi aciert\u00e2t un spandiment si \u00e0 di:<\/p>\n\n\n\n<ul class=\"wp-block-list\"><li>Denunzi\u00e2 il dam compilant il\u00a0<a href=\"https:\/\/www.irisacqua.it\/wp-content\/uploads\/2020\/07\/Modulo-di-denuncia-di-sinistro-per-perdita-occulta-agg-240518.pdf\">modul<\/a>\u00a0di pueste, di trasmeti dentri di 30 d\u00ees de scjadince de bolete<\/li><li>Dimostr\u00e2,ancje in timps diviers, ma dentri di 180 d\u00ees de scjadince de bolete, di v\u00ea fat lis oparis par elimin\u00e2 il spandiment proviodint la fature pai lav\u00f4rs di riparazion e la documentazion fotografiche di cuant che si \u00e0 cjat\u00e2t e comed\u00e2t il spandiment<\/li><li>evidenzi\u00e2 un consum superi\u00f4r dal 50% dal consum de utence tal an precedent<\/li><\/ul>\n\n\n\n<p>In presince di chestis cundizions, la polize e proviodar\u00e0 a cuvierzi ducj i coscj in plui fatur\u00e2ts in bolete.<\/p>\n\n\n\n<p>L&#8217;operativit\u00e0 della garanzia \u00e8 subordinata alla presenza di due letture o autoletture annuali nello storico dell&#8217;utenza, dall&#8217;effettuazione delle quali \u00e8 quantificabile la dispersione ed il perdurare della stessa. Qualora risulti solo una lettura o autolettura annuale, la garanzia \u00e8 operante unicamente fino alla concorrenza di un importo per sinistro pari al 20% del corrispondente massimale di polizza.<\/p>\n\n\n\n<p>Se invezit si v\u00fbl rinunzi\u00e2 ae cuviertidure sigurative, al baste compil\u00e2 il\u00a0<a href=\"https:\/\/www.irisacqua.it\/wp-content\/uploads\/2020\/07\/9.1-Rinuncia-copertura-assicurativa-su-perdite-occulte-AGG-15.05.pdf\">modul\u00a0<\/a>di pueste.<\/p>\n\n\n\n<p>In alternative, si vise che la Cjarte dal Servizi e provi\u00f4t il ricognossiment di un scont pai utents che a \u00e0n rinunzi\u00e2t ae sigurazion e par cui che al \u00e0 pat\u00eet une pierdite cuntun consum di mancul dal 50% dal storic de utence tal an prime.<br>In chescj c\u00e2s, dasp\u00f2 di v\u00ea present\u00e2t il\u00a0<a href=\"https:\/\/www.irisacqua.it\/wp-content\/uploads\/2020\/07\/Modulo-di-denuncia-di-sinistro-per-perdita-occulta-agg-240518.pdf\">modul\u00a0<\/a>e dimostr\u00e2t l&#8217;esecuzion des oparis par elimin\u00e2 la pierdite, Irisacqua e tornar\u00e0 a calcol\u00e2 la bolete cu la tarife base dal servizi di acuedot.<\/p>\n","protected":false},"excerpt":{"rendered":"<p>Lis oparis realizadis di l\u00e0 dal pont di consegne, o ben a v\u00e2l dal contad\u00f4r, a son di propriet\u00e2t dal utent, che al \u00e8 duncje dal dut responsabil sedi tai c\u00e2s civ\u00eei che pen\u00e2i.Irisacqua duncje, no rispuint pai dams che a derivin di vuascj tai implants idrics priv\u00e2ts e no conc\u00eat sconts par eventu\u00e2ls dispersions [&hellip;]<\/p>\n","protected":false},"author":1,"featured_media":0,"parent":368,"menu_order":0,"comment_status":"closed","ping_status":"closed","template":"","meta":{"footnotes":""},"class_list":["post-464","page","type-page","status-publish","hentry"],"acf":[],"_links":{"self":[{"href":"https:\/\/www.irisacqua.it\/fu\/wp-json\/wp\/v2\/pages\/464","targetHints":{"allow":["GET"]}}],"collection":[{"href":"https:\/\/www.irisacqua.it\/fu\/wp-json\/wp\/v2\/pages"}],"about":[{"href":"https:\/\/www.irisacqua.it\/fu\/wp-json\/wp\/v2\/types\/page"}],"author":[{"embeddable":true,"href":"https:\/\/www.irisacqua.it\/fu\/wp-json\/wp\/v2\/users\/1"}],"replies":[{"embeddable":true,"href":"https:\/\/www.irisacqua.it\/fu\/wp-json\/wp\/v2\/comments?post=464"}],"version-history":[{"count":3,"href":"https:\/\/www.irisacqua.it\/fu\/wp-json\/wp\/v2\/pages\/464\/revisions"}],"predecessor-version":[{"id":747,"href":"https:\/\/www.irisacqua.it\/fu\/wp-json\/wp\/v2\/pages\/464\/revisions\/747"}],"up":[{"embeddable":true,"href":"https:\/\/www.irisacqua.it\/fu\/wp-json\/wp\/v2\/pages\/368"}],"wp:attachment":[{"href":"https:\/\/www.irisacqua.it\/fu\/wp-json\/wp\/v2\/media?parent=464"}],"curies":[{"name":"wp","href":"https:\/\/api.w.org\/{rel}","templated":true}]}}