{"id":484,"date":"2020-07-14T14:01:40","date_gmt":"2020-07-14T12:01:40","guid":{"rendered":"https:\/\/www.irisacqua.it\/?page_id=484"},"modified":"2020-07-15T12:42:53","modified_gmt":"2020-07-15T10:42:53","slug":"fa-un-reclam","status":"publish","type":"page","link":"https:\/\/www.irisacqua.it\/fu\/aree-clients\/fa-un-reclam\/","title":{"rendered":"F\u00e2 un reclam"},"content":{"rendered":"\n<p>I reclams a rapresentin un dirit fondament\u00e2l pai utents e une impuartante ocasion di miorament par Irisacqua.<br>I utents a puedin present\u00e2 un\u00a0<a href=\"https:\/\/www.irisacqua.it\/wp-content\/uploads\/2020\/07\/MOD-PS16_1-reclamo-Rev2-28_01_19-.pdf\">reclam\u00a0<\/a>mediant chescj can\u00e2i:<\/p>\n\n\n\n<ul class=\"wp-block-list\"><li>tal orari di viertidure al public dai sportei Irisacqua<\/li><li>mediant pueste eletroniche al recapit info@irisacqua.it<\/li><li>mediant fax al numar 0481 593 410<\/li><li>mediant servizi post\u00e2l al recapit di vie IX Agosto n. 15 &#8211; 34170 Gurize<\/li><li>clamant il numar vert 800 99 31 31<\/li><\/ul>\n\n\n\n<p>Proviodint il propri codi\u00e7 identificat\u00eef scrit su ogni bolete e ducj i elements che a puedin ripuart\u00e2 in relazion a ce che si ritegni ogjet di violazion, in m\u00fbt che si puedi proviodi ai aciertaments dal c\u00e2s.<\/p>\n\n\n\n<p>Irisacqua si impegne a rispuindi dentri dal tiermin di 30 d\u00ees.<\/p>\n","protected":false},"excerpt":{"rendered":"<p>I reclams a rapresentin un dirit fondament\u00e2l pai utents e une impuartante ocasion di miorament par Irisacqua.I utents a puedin present\u00e2 un\u00a0reclam\u00a0mediant chescj can\u00e2i: tal orari di viertidure al public dai sportei Irisacqua mediant pueste eletroniche al recapit info@irisacqua.it mediant fax al numar 0481 593 410 mediant servizi post\u00e2l al recapit di vie IX Agosto [&hellip;]<\/p>\n","protected":false},"author":1,"featured_media":0,"parent":368,"menu_order":0,"comment_status":"closed","ping_status":"closed","template":"","meta":{"footnotes":""},"class_list":["post-484","page","type-page","status-publish","hentry"],"acf":[],"_links":{"self":[{"href":"https:\/\/www.irisacqua.it\/fu\/wp-json\/wp\/v2\/pages\/484","targetHints":{"allow":["GET"]}}],"collection":[{"href":"https:\/\/www.irisacqua.it\/fu\/wp-json\/wp\/v2\/pages"}],"about":[{"href":"https:\/\/www.irisacqua.it\/fu\/wp-json\/wp\/v2\/types\/page"}],"author":[{"embeddable":true,"href":"https:\/\/www.irisacqua.it\/fu\/wp-json\/wp\/v2\/users\/1"}],"replies":[{"embeddable":true,"href":"https:\/\/www.irisacqua.it\/fu\/wp-json\/wp\/v2\/comments?post=484"}],"version-history":[{"count":2,"href":"https:\/\/www.irisacqua.it\/fu\/wp-json\/wp\/v2\/pages\/484\/revisions"}],"predecessor-version":[{"id":761,"href":"https:\/\/www.irisacqua.it\/fu\/wp-json\/wp\/v2\/pages\/484\/revisions\/761"}],"up":[{"embeddable":true,"href":"https:\/\/www.irisacqua.it\/fu\/wp-json\/wp\/v2\/pages\/368"}],"wp:attachment":[{"href":"https:\/\/www.irisacqua.it\/fu\/wp-json\/wp\/v2\/media?parent=484"}],"curies":[{"name":"wp","href":"https:\/\/api.w.org\/{rel}","templated":true}]}}