{"id":559,"date":"2020-07-14T14:39:19","date_gmt":"2020-07-14T12:39:19","guid":{"rendered":"https:\/\/www.irisacqua.it\/?page_id=559"},"modified":"2020-07-15T14:15:47","modified_gmt":"2020-07-15T12:15:47","slug":"cemut-lei-la-bolete","status":"publish","type":"page","link":"https:\/\/www.irisacqua.it\/fu\/aree-clients\/la-bolete\/cemut-lei-la-bolete\/","title":{"rendered":"Cem\u00fbt lei la bolete"},"content":{"rendered":"\n<p>La bolete no je nome un strument par incass\u00e2 ma ancje un document util che, mediant di chel, la Societ\u00e2t e pues comunic\u00e2 ai siei utents cualsisedi informazion leade al servizi.<\/p>\n\n\n\n<p>Ca disot un esempli di bolete cu lis princip\u00e2ls cl\u00e2fs di leture:<\/p>\n\n\n\n<p><img loading=\"lazy\" decoding=\"async\" width=\"620\" height=\"878\" alt=\"\" src=\"https:\/\/www.irisacqua.it\/ProxyVFS.axd?snode=21523&amp;stream=\"><\/p>\n\n\n\n<p><img loading=\"lazy\" decoding=\"async\" width=\"620\" height=\"878\" alt=\"\" src=\"https:\/\/www.irisacqua.it\/ProxyVFS.axd?snode=21525&amp;stream=\"><\/p>\n\n\n\n<p>1) Codi\u00e7 utent: al \u00e8 il codi\u00e7 che al identifiche il titol\u00e2r dal contrat<br>2) Recapit: ca a son segn\u00e2ts i d\u00e2ts anagrafics e il recapit dul\u00e0 che si \u00e0 di mand\u00e2 la bolete<br>3) D\u00e2ts carateristics de fature: si cjate il numar de fature, la date di emission, il periodi di riferiment e la modalit\u00e2t di faturazion<br>4) Intestazion e ubicazion dal servizi: si cjate i d\u00e2ts dal intestatari dal contrat, il recapit dul\u00e0 che e ven fate la furnidure e il codi\u00e7 servizi che le identifiche<br>5) Sintesi IVA: si cjate i d\u00e2ts fisc\u00e2i de bolete<br>6) Scjadince: e segne la date ultime par pai\u00e2 la bolete<br>7) Situazion contabil: in cheste sezion a son listadis lis eventu\u00e2ls boletis che no risultin ancjem\u00f2 paiadis<br>8) Numars utii: a son segn\u00e2ts ducj i numars telefonics e i riferiments che ur permetin ai clients di comunic\u00e2 cu la aziende<br>9) Detai furnidure: da\u00fbr de bolete a vegnin d\u00e2ts i detais dal impuart adebit\u00e2t dividint i consums par periodis e fassis, segnant lis datis di leture e la tarife aplicade<\/p>\n","protected":false},"excerpt":{"rendered":"<p>La bolete no je nome un strument par incass\u00e2 ma ancje un document util che, mediant di chel, la Societ\u00e2t e pues comunic\u00e2 ai siei utents cualsisedi informazion leade al servizi. Ca disot un esempli di bolete cu lis princip\u00e2ls cl\u00e2fs di leture: 1) Codi\u00e7 utent: al \u00e8 il codi\u00e7 che al identifiche il titol\u00e2r [&hellip;]<\/p>\n","protected":false},"author":1,"featured_media":0,"parent":785,"menu_order":0,"comment_status":"closed","ping_status":"closed","template":"","meta":{"footnotes":""},"class_list":["post-559","page","type-page","status-publish","hentry"],"acf":[],"_links":{"self":[{"href":"https:\/\/www.irisacqua.it\/fu\/wp-json\/wp\/v2\/pages\/559","targetHints":{"allow":["GET"]}}],"collection":[{"href":"https:\/\/www.irisacqua.it\/fu\/wp-json\/wp\/v2\/pages"}],"about":[{"href":"https:\/\/www.irisacqua.it\/fu\/wp-json\/wp\/v2\/types\/page"}],"author":[{"embeddable":true,"href":"https:\/\/www.irisacqua.it\/fu\/wp-json\/wp\/v2\/users\/1"}],"replies":[{"embeddable":true,"href":"https:\/\/www.irisacqua.it\/fu\/wp-json\/wp\/v2\/comments?post=559"}],"version-history":[{"count":2,"href":"https:\/\/www.irisacqua.it\/fu\/wp-json\/wp\/v2\/pages\/559\/revisions"}],"predecessor-version":[{"id":561,"href":"https:\/\/www.irisacqua.it\/fu\/wp-json\/wp\/v2\/pages\/559\/revisions\/561"}],"up":[{"embeddable":true,"href":"https:\/\/www.irisacqua.it\/fu\/wp-json\/wp\/v2\/pages\/785"}],"wp:attachment":[{"href":"https:\/\/www.irisacqua.it\/fu\/wp-json\/wp\/v2\/media?parent=559"}],"curies":[{"name":"wp","href":"https:\/\/api.w.org\/{rel}","templated":true}]}}