{"id":613,"date":"2020-07-14T15:36:14","date_gmt":"2020-07-14T13:36:14","guid":{"rendered":"https:\/\/www.irisacqua.it\/?page_id=613"},"modified":"2020-07-14T15:36:16","modified_gmt":"2020-07-14T13:36:16","slug":"cualitat-de-aghe-distribuide","status":"publish","type":"page","link":"https:\/\/www.irisacqua.it\/fu\/aziende\/cualitat-de-aghe-distribuide\/","title":{"rendered":"Cualit\u00e2t de aghe distribuide"},"content":{"rendered":"\n<p>L&#8217;aghe prelevade e metude in r\u00eat e rive di faldis idrichis profondis e e je controlade cun costance e monitorade in m\u00fbt d jessi sig\u00fbrs che e vedi i recuis\u00eets minims fiss\u00e2ts de normative in vig\u00f4r (DL 31\/2001).<\/p>\n\n\n\n<p>I prel\u00eafs a vegnin fats in m\u00fbt periodic l\u00e0 dai ponts plui significat\u00eefs de r\u00eat idriche; a son d\u00f4s lis tipologjiis di analisi che a vegnin fatis:<\/p>\n\n\n\n<ul class=\"wp-block-list\"><li>Analisi norm\u00e2l: cul fin di determin\u00e2 cualit\u00e2t e cuantit\u00e2t dai elements princip\u00e2i;<\/li><li>Analisi di verifiche: si f\u00e2s un control aprofond\u00eet de presince di pussibii contaminants chimics o biologjics.<\/li><\/ul>\n","protected":false},"excerpt":{"rendered":"<p>L&#8217;aghe prelevade e metude in r\u00eat e rive di faldis idrichis profondis e e je controlade cun costance e monitorade in m\u00fbt d jessi sig\u00fbrs che e vedi i recuis\u00eets minims fiss\u00e2ts de normative in vig\u00f4r (DL 31\/2001). I prel\u00eafs a vegnin fats in m\u00fbt periodic l\u00e0 dai ponts plui significat\u00eefs de r\u00eat idriche; a [&hellip;]<\/p>\n","protected":false},"author":1,"featured_media":0,"parent":353,"menu_order":0,"comment_status":"closed","ping_status":"closed","template":"template\/qualita-acqua.php","meta":{"footnotes":""},"class_list":["post-613","page","type-page","status-publish","hentry"],"acf":[],"_links":{"self":[{"href":"https:\/\/www.irisacqua.it\/fu\/wp-json\/wp\/v2\/pages\/613","targetHints":{"allow":["GET"]}}],"collection":[{"href":"https:\/\/www.irisacqua.it\/fu\/wp-json\/wp\/v2\/pages"}],"about":[{"href":"https:\/\/www.irisacqua.it\/fu\/wp-json\/wp\/v2\/types\/page"}],"author":[{"embeddable":true,"href":"https:\/\/www.irisacqua.it\/fu\/wp-json\/wp\/v2\/users\/1"}],"replies":[{"embeddable":true,"href":"https:\/\/www.irisacqua.it\/fu\/wp-json\/wp\/v2\/comments?post=613"}],"version-history":[{"count":2,"href":"https:\/\/www.irisacqua.it\/fu\/wp-json\/wp\/v2\/pages\/613\/revisions"}],"predecessor-version":[{"id":615,"href":"https:\/\/www.irisacqua.it\/fu\/wp-json\/wp\/v2\/pages\/613\/revisions\/615"}],"up":[{"embeddable":true,"href":"https:\/\/www.irisacqua.it\/fu\/wp-json\/wp\/v2\/pages\/353"}],"wp:attachment":[{"href":"https:\/\/www.irisacqua.it\/fu\/wp-json\/wp\/v2\/media?parent=613"}],"curies":[{"name":"wp","href":"https:\/\/api.w.org\/{rel}","templated":true}]}}