{"id":685,"date":"2020-07-15T10:19:21","date_gmt":"2020-07-15T08:19:21","guid":{"rendered":"https:\/\/www.irisacqua.it\/?page_id=685"},"modified":"2020-07-15T10:19:38","modified_gmt":"2020-07-15T08:19:38","slug":"domanda-un-pare-tecnic-su-oparis-di-urbanizazion-2","status":"publish","type":"page","link":"https:\/\/www.irisacqua.it\/fu\/aree-clients\/ce-che-si-a-di-fa-par-2\/domanda-un-pare-tecnic-su-oparis-di-urbanizazion-2\/","title":{"rendered":"Domand\u00e2 un par\u00ea tecnic su oparis di urbanizazion"},"content":{"rendered":"\n<p>Par domand\u00e2 un par\u00ea tecnic in riferiment a oparis di urbanizazion, al \u00e8 suficient present\u00e2 la domande intun di chescj m\u00fbts:<\/p>\n\n\n\n<ul class=\"wp-block-list\"><li>mediant pueste eletroniche al recapit info@irisacqua.it<\/li><li>mediant fax al numar 0481 593 410<\/li><li>mediant servizi post\u00e2l al recapit di vie IX Agosto n. 15 &#8211; 34170 Gurize<\/li><\/ul>\n\n\n\n<p>Ae domande si \u00e0 di zont\u00e2 la copie dal paiament dai\u00a0<a href=\"https:\/\/www.irisacqua.it\/wp-content\/uploads\/2020\/07\/Tariffario-pareri-lottizzazioni-AGG-16.10.13.pdf\">oblics par pront\u00e2 la pratiche<\/a>. Il paiament si pues f\u00e2lu in chescj m\u00fbts:<\/p>\n\n\n\n<ol class=\"wp-block-list\"><li>sul cont corint post\u00e2l C\/C n.000074815739 (IBAN CODE IT18 J 07601 12400 000074815739) intest\u00e2t a Irisacqua srl, vie IX Agosto 15, 34170 Gurize<\/li><li>bonific bancjari sul cont corint Irisacqua srl l\u00e0 de Cassa di Risparmio del Friuli Venezia Giulia spa &#8211; Sede &#8211; Cors Verdi 104, Gurize, cun chestis coordenadis di bancje IBAN CODE IT13 O063 4012 4101 0000 0003 658<\/li><\/ol>\n\n\n\n<p>La societ\u00e2t si risierve il dirit di f\u00e2 prevent\u00eefs personaliz\u00e2ts tal c\u00e2s di intervents che a sedin f\u00fbr da lis usancis par cheste particol\u00e2r tipologjie di intervents.<\/p>\n","protected":false},"excerpt":{"rendered":"<p>Par domand\u00e2 un par\u00ea tecnic in riferiment a oparis di urbanizazion, al \u00e8 suficient present\u00e2 la domande intun di chescj m\u00fbts: mediant pueste eletroniche al recapit info@irisacqua.it mediant fax al numar 0481 593 410 mediant servizi post\u00e2l al recapit di vie IX Agosto n. 15 &#8211; 34170 Gurize Ae domande si \u00e0 di zont\u00e2 la [&hellip;]<\/p>\n","protected":false},"author":1,"featured_media":0,"parent":11509,"menu_order":0,"comment_status":"closed","ping_status":"closed","template":"","meta":{"footnotes":""},"class_list":["post-685","page","type-page","status-publish","hentry"],"acf":[],"_links":{"self":[{"href":"https:\/\/www.irisacqua.it\/fu\/wp-json\/wp\/v2\/pages\/685","targetHints":{"allow":["GET"]}}],"collection":[{"href":"https:\/\/www.irisacqua.it\/fu\/wp-json\/wp\/v2\/pages"}],"about":[{"href":"https:\/\/www.irisacqua.it\/fu\/wp-json\/wp\/v2\/types\/page"}],"author":[{"embeddable":true,"href":"https:\/\/www.irisacqua.it\/fu\/wp-json\/wp\/v2\/users\/1"}],"replies":[{"embeddable":true,"href":"https:\/\/www.irisacqua.it\/fu\/wp-json\/wp\/v2\/comments?post=685"}],"version-history":[{"count":1,"href":"https:\/\/www.irisacqua.it\/fu\/wp-json\/wp\/v2\/pages\/685\/revisions"}],"predecessor-version":[{"id":686,"href":"https:\/\/www.irisacqua.it\/fu\/wp-json\/wp\/v2\/pages\/685\/revisions\/686"}],"up":[{"embeddable":true,"href":"https:\/\/www.irisacqua.it\/fu\/wp-json\/wp\/v2\/pages\/11509"}],"wp:attachment":[{"href":"https:\/\/www.irisacqua.it\/fu\/wp-json\/wp\/v2\/media?parent=685"}],"curies":[{"name":"wp","href":"https:\/\/api.w.org\/{rel}","templated":true}]}}