{"id":750,"date":"2020-07-14T13:55:30","date_gmt":"2020-07-14T11:55:30","guid":{"rendered":"https:\/\/www.irisacqua.it\/aree-clients\/smarrimento-della-bolletta\/"},"modified":"2020-08-27T10:10:11","modified_gmt":"2020-08-27T08:10:11","slug":"smarrimento-della-bolletta","status":"publish","type":"page","link":"https:\/\/www.irisacqua.it\/fu\/aree-clients\/ce-che-si-a-di-fa-par-2\/smarrimento-della-bolletta\/","title":{"rendered":"Pierdite de bolete"},"content":{"rendered":"\n<p>Tal c\u00e2s di pierdite o mancjade consegne de bolete,al \u00e8 pussibil domand\u00e2 che e sedi di gn\u00fbf spedide nome cjapant contat cul nestri call center al numar vert <a href=\"tel:800993131\">800 99 31 31<\/a> (at\u00eef dal lunis al vinars des 08.00 aes 20.00 &#8211; la sabide des 08.00 aes 13.00).<\/p>\n","protected":false},"excerpt":{"rendered":"<p>Tal c\u00e2s di pierdite o mancjade consegne de bolete,al \u00e8 pussibil domand\u00e2 che e sedi di gn\u00fbf spedide nome cjapant contat cul nestri call center al numar vert 800 99 31 31 (at\u00eef dal lunis al vinars des 08.00 aes 20.00 &#8211; la sabide des 08.00 aes 13.00).<\/p>\n","protected":false},"author":1,"featured_media":0,"parent":11509,"menu_order":0,"comment_status":"closed","ping_status":"closed","template":"","meta":{"footnotes":""},"class_list":["post-750","page","type-page","status-publish","hentry"],"acf":[],"_links":{"self":[{"href":"https:\/\/www.irisacqua.it\/fu\/wp-json\/wp\/v2\/pages\/750","targetHints":{"allow":["GET"]}}],"collection":[{"href":"https:\/\/www.irisacqua.it\/fu\/wp-json\/wp\/v2\/pages"}],"about":[{"href":"https:\/\/www.irisacqua.it\/fu\/wp-json\/wp\/v2\/types\/page"}],"author":[{"embeddable":true,"href":"https:\/\/www.irisacqua.it\/fu\/wp-json\/wp\/v2\/users\/1"}],"replies":[{"embeddable":true,"href":"https:\/\/www.irisacqua.it\/fu\/wp-json\/wp\/v2\/comments?post=750"}],"version-history":[{"count":2,"href":"https:\/\/www.irisacqua.it\/fu\/wp-json\/wp\/v2\/pages\/750\/revisions"}],"predecessor-version":[{"id":11335,"href":"https:\/\/www.irisacqua.it\/fu\/wp-json\/wp\/v2\/pages\/750\/revisions\/11335"}],"up":[{"embeddable":true,"href":"https:\/\/www.irisacqua.it\/fu\/wp-json\/wp\/v2\/pages\/11509"}],"wp:attachment":[{"href":"https:\/\/www.irisacqua.it\/fu\/wp-json\/wp\/v2\/media?parent=750"}],"curies":[{"name":"wp","href":"https:\/\/api.w.org\/{rel}","templated":true}]}}