{"id":787,"date":"2020-07-15T13:10:25","date_gmt":"2020-07-15T11:10:25","guid":{"rendered":"https:\/\/www.irisacqua.it\/?page_id=787"},"modified":"2020-07-15T13:10:33","modified_gmt":"2020-07-15T11:10:33","slug":"faturis","status":"publish","type":"page","link":"https:\/\/www.irisacqua.it\/fu\/aree-clients\/la-bolete\/faturis\/","title":{"rendered":"Faturis"},"content":{"rendered":"\n<p>La faturazion, dividude par zonis dentri de Provincie, e \u00e0 cadence semestr\u00e2l, gjavadis f\u00fbr lis utencis cun consums superi\u00f4rs ai 3.000 mc\/an, che no presentin stagjonalit\u00e2t di prel\u00eafs, l\u00e0 che invezit l&#8217;emission e je bimestr\u00e2l, alternant duncje d\u00f4s faturis in acont a une a salt.<br>Lis faturis di acont a vegnin fatis su la fonde dai consums stim\u00e2ts, calcol\u00e2ts considerant i consums dai ultins doi agns par ognidune des utencis, se disponibilis.<br>Pai gn\u00fbfs contrats di soministrazion il calcul si lu f\u00e2s invezit viodint i consums medis de tipologjie contratu\u00e2l di partignince, da\u00fbr di nivei fiss\u00e2ts.<br>Lis faturis a salt a vegnin fatis da\u00fbr de leture efetive dal contad\u00f4r, sui consums rilev\u00e2ts par diference de leture efetive precedente. Lis leturis a son fatis de bande di person\u00e2l incjari\u00e2t di Irisacqua o, in alternative, dal utent mediant di autoleture.<br>Aes utencis Division\u00e2l e Totalizad\u00f4r, che nol \u00e8 st\u00e2t pussibil rilev\u00e2 la leture dal contad\u00f4r e in mancjance di autoleture dal utent, e ven regjistrade une leture aprossimade su la fonde dai consums storics de utence e la bolete e ven mandade cun modalit\u00e2t a salt. Cheste cundizion e je necessarie par vie che i consums des utencis division\u00e2ls a \u00e0n di jessi gjavadis dal consum de utence totalizad\u00f4r che si riferissin.<\/p>\n","protected":false},"excerpt":{"rendered":"<p>La faturazion, dividude par zonis dentri de Provincie, e \u00e0 cadence semestr\u00e2l, gjavadis f\u00fbr lis utencis cun consums superi\u00f4rs ai 3.000 mc\/an, che no presentin stagjonalit\u00e2t di prel\u00eafs, l\u00e0 che invezit l&#8217;emission e je bimestr\u00e2l, alternant duncje d\u00f4s faturis in acont a une a salt.Lis faturis di acont a vegnin fatis su la fonde dai [&hellip;]<\/p>\n","protected":false},"author":1,"featured_media":0,"parent":785,"menu_order":0,"comment_status":"closed","ping_status":"closed","template":"","meta":{"footnotes":""},"class_list":["post-787","page","type-page","status-publish","hentry"],"acf":[],"_links":{"self":[{"href":"https:\/\/www.irisacqua.it\/fu\/wp-json\/wp\/v2\/pages\/787","targetHints":{"allow":["GET"]}}],"collection":[{"href":"https:\/\/www.irisacqua.it\/fu\/wp-json\/wp\/v2\/pages"}],"about":[{"href":"https:\/\/www.irisacqua.it\/fu\/wp-json\/wp\/v2\/types\/page"}],"author":[{"embeddable":true,"href":"https:\/\/www.irisacqua.it\/fu\/wp-json\/wp\/v2\/users\/1"}],"replies":[{"embeddable":true,"href":"https:\/\/www.irisacqua.it\/fu\/wp-json\/wp\/v2\/comments?post=787"}],"version-history":[{"count":3,"href":"https:\/\/www.irisacqua.it\/fu\/wp-json\/wp\/v2\/pages\/787\/revisions"}],"predecessor-version":[{"id":790,"href":"https:\/\/www.irisacqua.it\/fu\/wp-json\/wp\/v2\/pages\/787\/revisions\/790"}],"up":[{"embeddable":true,"href":"https:\/\/www.irisacqua.it\/fu\/wp-json\/wp\/v2\/pages\/785"}],"wp:attachment":[{"href":"https:\/\/www.irisacqua.it\/fu\/wp-json\/wp\/v2\/media?parent=787"}],"curies":[{"name":"wp","href":"https:\/\/api.w.org\/{rel}","templated":true}]}}