{"id":792,"date":"2020-07-15T14:01:07","date_gmt":"2020-07-15T12:01:07","guid":{"rendered":"https:\/\/www.irisacqua.it\/?page_id=792"},"modified":"2020-07-28T06:04:42","modified_gmt":"2020-07-28T04:04:42","slug":"tarifis","status":"publish","type":"page","link":"https:\/\/www.irisacqua.it\/fu\/aree-clients\/la-bolete\/tarifis\/","title":{"rendered":"Tarifis"},"content":{"rendered":"\n<p>Tal 2012 l&#8217;Autorit\u00e2t pe Energjie Eletriche e pal Gas e \u00e0 invi\u00e2t un procediment par defin\u00ee il metodi di calcul de tarife di aplic\u00e2 al servizi idric, in m\u00fbt di tign\u00ee in considerazion ancje i risult\u00e2ts dal referendum di Zuin dal 2011.<\/p>\n\n\n\n<p>Chest procediment si \u00e8 concretiz\u00e2t cu la publicazion de delibare n.585\/2012\/R\/IDR dai 28 di Dicembar dal 2012 l\u00e0 che si presente il metodi tarifari transitori di aplic\u00e2 tai agns 2012 e 2013 che al ten cont ancje dai risult\u00e2ts dal referendum.<\/p>\n\n\n\n<p>La gnove tarife cuss\u00ec calcolade e sar\u00e0 fate buine te prime met\u00e2t dal 2013; fin a chel moment, par un periodi limit\u00e2t, i gjest\u00f4rs a \u00e0n di aplic\u00e2 la tarife calcolade cul metodi precedent.<\/p>\n\n\n\n<p>Par plui informazions o pod\u00eas viodi il s\u00eet&nbsp;&nbsp;<a href=\"http:\/\/www.autorita.energia.it\/\">www.autorita.energia.it<\/a>.<\/p>\n\n\n\n<p>O procurar\u00ecn di f\u00e2us sav\u00ea la gnove tarife prin che o podar\u00ecn.<\/p>\n","protected":false},"excerpt":{"rendered":"<p>Tal 2012 l&#8217;Autorit\u00e2t pe Energjie Eletriche e pal Gas e \u00e0 invi\u00e2t un procediment par defin\u00ee il metodi di calcul de tarife di aplic\u00e2 al servizi idric, in m\u00fbt di tign\u00ee in considerazion ancje i risult\u00e2ts dal referendum di Zuin dal 2011. Chest procediment si \u00e8 concretiz\u00e2t cu la publicazion de delibare n.585\/2012\/R\/IDR dai 28 [&hellip;]<\/p>\n","protected":false},"author":1,"featured_media":0,"parent":785,"menu_order":0,"comment_status":"closed","ping_status":"closed","template":"","meta":{"footnotes":""},"class_list":["post-792","page","type-page","status-publish","hentry"],"acf":[],"_links":{"self":[{"href":"https:\/\/www.irisacqua.it\/fu\/wp-json\/wp\/v2\/pages\/792","targetHints":{"allow":["GET"]}}],"collection":[{"href":"https:\/\/www.irisacqua.it\/fu\/wp-json\/wp\/v2\/pages"}],"about":[{"href":"https:\/\/www.irisacqua.it\/fu\/wp-json\/wp\/v2\/types\/page"}],"author":[{"embeddable":true,"href":"https:\/\/www.irisacqua.it\/fu\/wp-json\/wp\/v2\/users\/1"}],"replies":[{"embeddable":true,"href":"https:\/\/www.irisacqua.it\/fu\/wp-json\/wp\/v2\/comments?post=792"}],"version-history":[{"count":2,"href":"https:\/\/www.irisacqua.it\/fu\/wp-json\/wp\/v2\/pages\/792\/revisions"}],"predecessor-version":[{"id":794,"href":"https:\/\/www.irisacqua.it\/fu\/wp-json\/wp\/v2\/pages\/792\/revisions\/794"}],"up":[{"embeddable":true,"href":"https:\/\/www.irisacqua.it\/fu\/wp-json\/wp\/v2\/pages\/785"}],"wp:attachment":[{"href":"https:\/\/www.irisacqua.it\/fu\/wp-json\/wp\/v2\/media?parent=792"}],"curies":[{"name":"wp","href":"https:\/\/api.w.org\/{rel}","templated":true}]}}