{"id":842,"date":"2020-07-16T10:00:51","date_gmt":"2020-07-16T08:00:51","guid":{"rendered":"https:\/\/www.irisacqua.it\/?page_id=842"},"modified":"2020-09-24T18:54:08","modified_gmt":"2020-09-24T16:54:08","slug":"aree-furnidors","status":"publish","type":"page","link":"https:\/\/www.irisacqua.it\/fu\/aree-furnidors\/","title":{"rendered":"Aree furnid\u00f4rs"},"content":{"rendered":"\n<p>Irisacqua e calcole i siei furnid\u00f4rs tant che part integrant par riv\u00e2 a mior\u00e2 i riferiments cualitat\u00eefs aziend\u00e2i. Par chel in chescj agns e \u00e0 mantign\u00fbt un impegn costant tal gjest\u00ee cun coretece, integrit\u00e2t e trasparence i proc\u00e8s di selezion dai siei furnid\u00f4rs e ancje il l\u00f4r coinvolziment tal rispiet\u00e2 lis proceduris di cualit\u00e2t e sigurece.<\/p>\n\n\n\n<p>Da\u00fbr dal art. 238 come 7 dal DL 163\/06, la Societ\u00e2t e \u00e0 fat bon un so regolament interni par dissiplin\u00e2 lis garis di apalt pai lav\u00f4rs, servizis e furniduris di impuart inferi\u00f4r al limit european.<br>Ae fonde di chest regolament a son i principis di no discriminazion, parit\u00e2t di tratament, trasparence e ricognossiment reciproc.<\/p>\n\n\n\n<p>Irisacqua e \u00e0 ancje une s\u00f4 Liste dai furnid\u00f4rs che e ven doprade par individu\u00e2 lis ditis di clam\u00e2 par garis sot dai 200.000 Euros e par furniduris e servizis e garis sot di 1.000.000 di Euros par chel che al rivuarde i lav\u00f4rs.<\/p>\n","protected":false},"excerpt":{"rendered":"<p>Irisacqua e calcole i siei furnid\u00f4rs tant che part integrant par riv\u00e2 a mior\u00e2 i riferiments cualitat\u00eefs aziend\u00e2i. Par chel in chescj agns e \u00e0 mantign\u00fbt un impegn costant tal gjest\u00ee cun coretece, integrit\u00e2t e trasparence i proc\u00e8s di selezion dai siei furnid\u00f4rs e ancje il l\u00f4r coinvolziment tal rispiet\u00e2 lis proceduris di cualit\u00e2t e [&hellip;]<\/p>\n","protected":false},"author":1,"featured_media":0,"parent":0,"menu_order":0,"comment_status":"closed","ping_status":"closed","template":"","meta":{"footnotes":""},"class_list":["post-842","page","type-page","status-publish","hentry"],"acf":[],"_links":{"self":[{"href":"https:\/\/www.irisacqua.it\/fu\/wp-json\/wp\/v2\/pages\/842","targetHints":{"allow":["GET"]}}],"collection":[{"href":"https:\/\/www.irisacqua.it\/fu\/wp-json\/wp\/v2\/pages"}],"about":[{"href":"https:\/\/www.irisacqua.it\/fu\/wp-json\/wp\/v2\/types\/page"}],"author":[{"embeddable":true,"href":"https:\/\/www.irisacqua.it\/fu\/wp-json\/wp\/v2\/users\/1"}],"replies":[{"embeddable":true,"href":"https:\/\/www.irisacqua.it\/fu\/wp-json\/wp\/v2\/comments?post=842"}],"version-history":[{"count":5,"href":"https:\/\/www.irisacqua.it\/fu\/wp-json\/wp\/v2\/pages\/842\/revisions"}],"predecessor-version":[{"id":13635,"href":"https:\/\/www.irisacqua.it\/fu\/wp-json\/wp\/v2\/pages\/842\/revisions\/13635"}],"wp:attachment":[{"href":"https:\/\/www.irisacqua.it\/fu\/wp-json\/wp\/v2\/media?parent=842"}],"curies":[{"name":"wp","href":"https:\/\/api.w.org\/{rel}","templated":true}]}}