{"id":980,"date":"2020-07-16T12:01:59","date_gmt":"2020-07-16T10:01:59","guid":{"rendered":"https:\/\/www.irisacqua.it\/?page_id=980"},"modified":"2020-07-16T12:02:00","modified_gmt":"2020-07-16T10:02:00","slug":"contats","status":"publish","type":"page","link":"https:\/\/www.irisacqua.it\/fu\/contats\/","title":{"rendered":"Contats"},"content":{"rendered":"\n<p><strong>Sedis e contats<\/strong><\/p>\n\n\n\n<p>Sede leg\u00e2l aministrativeVie IX Agosto 15 &#8211; 34170 Gurize<br>Telefon: 0481-593111<br>Fax: 0481-593410<br>Pueste eletroniche: info@irisacqua.it<br>Pueste certificade: segreteria@irisacqua.telecompost.it<br>Sportei<br><strong>dal 17 settembre al 4 gennaio 2020<br><br>Gorizia: via IX Agosto 15<\/strong><br>Sabato: 8.30-12.30<br>Mercoled\u00ec Gioved\u00ec 08.30-16.30<\/p>\n\n\n\n<p><strong>Ronchi dei Legionari: via Cau de mezo 18<br><\/strong>Luned\u00ec 13.00-17.00<br>Marted\u00ec Venerd\u00ec 08.30-12.30<br>Numars vertsCall center 800 99 31 31 (di lunis a vinars 08.00-20.00 sabide 08.00-13.00)<br>Autoleturis 800 99 31 91 (di lunis a vinars 08.00-20.00 sabide 08.00-13.00)<br>Pront intervent 800 99 31 90 (24 oris su 24 7 d\u00ees su 7)<\/p>\n","protected":false},"excerpt":{"rendered":"<p>Sedis e contats Sede leg\u00e2l aministrativeVie IX Agosto 15 &#8211; 34170 GurizeTelefon: 0481-593111Fax: 0481-593410Pueste eletroniche: info@irisacqua.itPueste certificade: segreteria@irisacqua.telecompost.itSporteidal 17 settembre al 4 gennaio 2020 Gorizia: via IX Agosto 15Sabato: 8.30-12.30Mercoled\u00ec Gioved\u00ec 08.30-16.30 Ronchi dei Legionari: via Cau de mezo 18Luned\u00ec 13.00-17.00Marted\u00ec Venerd\u00ec 08.30-12.30Numars vertsCall center 800 99 31 31 (di lunis a vinars 08.00-20.00 sabide [&hellip;]<\/p>\n","protected":false},"author":1,"featured_media":0,"parent":0,"menu_order":0,"comment_status":"closed","ping_status":"closed","template":"","meta":{"footnotes":""},"class_list":["post-980","page","type-page","status-publish","hentry"],"acf":[],"_links":{"self":[{"href":"https:\/\/www.irisacqua.it\/fu\/wp-json\/wp\/v2\/pages\/980","targetHints":{"allow":["GET"]}}],"collection":[{"href":"https:\/\/www.irisacqua.it\/fu\/wp-json\/wp\/v2\/pages"}],"about":[{"href":"https:\/\/www.irisacqua.it\/fu\/wp-json\/wp\/v2\/types\/page"}],"author":[{"embeddable":true,"href":"https:\/\/www.irisacqua.it\/fu\/wp-json\/wp\/v2\/users\/1"}],"replies":[{"embeddable":true,"href":"https:\/\/www.irisacqua.it\/fu\/wp-json\/wp\/v2\/comments?post=980"}],"version-history":[{"count":1,"href":"https:\/\/www.irisacqua.it\/fu\/wp-json\/wp\/v2\/pages\/980\/revisions"}],"predecessor-version":[{"id":981,"href":"https:\/\/www.irisacqua.it\/fu\/wp-json\/wp\/v2\/pages\/980\/revisions\/981"}],"wp:attachment":[{"href":"https:\/\/www.irisacqua.it\/fu\/wp-json\/wp\/v2\/media?parent=980"}],"curies":[{"name":"wp","href":"https:\/\/api.w.org\/{rel}","templated":true}]}}