{"id":323,"date":"2019-07-18T12:45:00","date_gmt":"2019-07-18T10:45:00","guid":{"rendered":"https:\/\/www.irisacqua.it\/?page_id=323"},"modified":"2020-07-15T15:29:57","modified_gmt":"2020-07-15T13:29:57","slug":"organiziranost-druzbe","status":"publish","type":"page","link":"https:\/\/www.irisacqua.it\/sl\/druzba\/organiziranost-druzbe\/","title":{"rendered":"Organiziranost dru\u017ebe"},"content":{"rendered":"\n<p>Irisacqua je gospodarska dru\u017eba v 100-odstotni javni lasti, ki jo nadzoruje 25 ob\u010din iz Pokrajine Gorica. Njeno delovanje ureja Statut, ki ga je 29. decembra 2005 sprejela Skup\u0161\u010dina. Organi, ki so pristojni za upravljanja dru\u017ebe Irisacqua, so:<\/p>\n\n\n\n<ul class=\"wp-block-list\"><li>Skup\u0161\u010dina<\/li><li>Predsednika<\/li><li>Nadzorni svet<\/li><li>Direkcija<\/li><\/ul>\n\n\n\n<p>Predsednika upravnega odbora imenuje Skup\u0161\u010dina dru\u017ebenikov za obdobje treh let. S sklepom z dne 23. maja 2014 je bil imenovan za predsednika do sprejetja bilance 31. decembra 2016 Mirio Bolzan.<\/p>\n\n\n\n<p>V Nadzornem svetu, ki ga sestavlja pet nadzornikov in dva nadomestna \u010dlana, pa so:<\/p>\n\n\n\n<ul class=\"wp-block-list\"><li>Predsednik: Pascolin Alfredo<\/li><li>Nadzornik: Ceccotti Sergio<\/li><li>Nadzornik: Clemente Vilma<\/li><li>Nadomestni nadzornik: Boaro Maurizio<\/li><li>Nadomestni nadzornik: Pahor Valentina<\/li><\/ul>\n\n\n\n<p><\/p>\n","protected":false},"excerpt":{"rendered":"<p>Irisacqua je gospodarska dru\u017eba v 100-odstotni javni lasti, ki jo nadzoruje 25 ob\u010din iz Pokrajine Gorica. Njeno delovanje ureja Statut, ki ga je 29. decembra 2005 sprejela Skup\u0161\u010dina. Organi, ki so pristojni za upravljanja dru\u017ebe Irisacqua, so: Skup\u0161\u010dina Predsednika Nadzorni svet Direkcija Predsednika upravnega odbora imenuje Skup\u0161\u010dina dru\u017ebenikov za obdobje treh let. S sklepom z [&hellip;]<\/p>\n","protected":false},"author":1,"featured_media":0,"parent":349,"menu_order":0,"comment_status":"closed","ping_status":"closed","template":"","meta":{"footnotes":""},"class_list":["post-323","page","type-page","status-publish","hentry"],"acf":[],"_links":{"self":[{"href":"https:\/\/www.irisacqua.it\/sl\/wp-json\/wp\/v2\/pages\/323","targetHints":{"allow":["GET"]}}],"collection":[{"href":"https:\/\/www.irisacqua.it\/sl\/wp-json\/wp\/v2\/pages"}],"about":[{"href":"https:\/\/www.irisacqua.it\/sl\/wp-json\/wp\/v2\/types\/page"}],"author":[{"embeddable":true,"href":"https:\/\/www.irisacqua.it\/sl\/wp-json\/wp\/v2\/users\/1"}],"replies":[{"embeddable":true,"href":"https:\/\/www.irisacqua.it\/sl\/wp-json\/wp\/v2\/comments?post=323"}],"version-history":[{"count":2,"href":"https:\/\/www.irisacqua.it\/sl\/wp-json\/wp\/v2\/pages\/323\/revisions"}],"predecessor-version":[{"id":825,"href":"https:\/\/www.irisacqua.it\/sl\/wp-json\/wp\/v2\/pages\/323\/revisions\/825"}],"up":[{"embeddable":true,"href":"https:\/\/www.irisacqua.it\/sl\/wp-json\/wp\/v2\/pages\/349"}],"wp:attachment":[{"href":"https:\/\/www.irisacqua.it\/sl\/wp-json\/wp\/v2\/media?parent=323"}],"curies":[{"name":"wp","href":"https:\/\/api.w.org\/{rel}","templated":true}]}}