{"id":349,"date":"2017-07-17T10:07:00","date_gmt":"2017-07-17T08:07:00","guid":{"rendered":"https:\/\/www.irisacqua.it\/?page_id=349"},"modified":"2020-09-24T18:56:05","modified_gmt":"2020-09-24T16:56:05","slug":"druzba","status":"publish","type":"page","link":"https:\/\/www.irisacqua.it\/sl\/druzba\/","title":{"rendered":"Dru\u017eba"},"content":{"rendered":"\n<p><strong>Zakon \u0161t. 36 z dne 5. januarja 1994 (zakon Galli)<\/strong>&nbsp;je uvedel sistem Celovitega upravljanja z vodami (CUV), ki deluje v okviru tako imenovanih Optimalnih prostorskih okro\u017eij (OPO).<br>Vsako Optimalno prostorsko okro\u017eje upravlja poseben Okro\u017eni organ (ki se je v Furlaniji \u2013 Julijski krajini zaradi ukinitve organov Optimalnih prostorskih okro\u017eij in v skladu z de\u017eelnim zakonom \u0161t. 142\/2010 preimenoval v Okro\u017eno konzulto), katerega naloga je priprava Okro\u017enega na\u010drta (to je vrsta potrebnih ukrepov za izbolj\u0161anje storitev in zagotavljanje standardov kakovosti) in izbor upravljavca, ki bo skrbel za opravljanje storitev in izvajanje na\u010drta.<br>Zakonodajna sprememba je v na\u0161i De\u017eeli nastopila z&nbsp;<strong>de\u017eelnim zakonom \u0161t. 13 z leta 2005<\/strong>, ki je de\u017eelno obmo\u010dje razdelil na \u0161tiri okro\u017eja, med katerimi je tudi OPO vzhodne Gori\u0161ke, ki ga sestavlja 25 ob\u010din Pokrajine Gorica.<br>Dru\u017eba Irisacqua srl je bila ustanovljena 29. decembra 2005 z namenom izvajanja zakonodajne reforme na podro\u010dju upravljanja z vodami, ki jo je uvedel \u00bbzakon Galli\u00ab.<br>To je gospodarska dru\u017eba v 100-odstotni javni lasti, ki je nastala po delni in nesorazmerni razdru\u017eitvi dru\u017ebe Iris spa; njen osnovni kapital je prispevalo 25 ob\u010din iz Pokrajine Gorica, ob ustanovitvi pa so ji dodelile tudi brezpla\u010dno koncesijo za upravljanje celotne vodovodne infrastrukture. Dru\u017eba neposredno upravlja sistem Celovitega upravljanja z vodami na podlagi internega modela upravljanja (in house).<br>Koncesija traja trideset let, ureja pa jo posebna storitvena pogodba \u00bb<strong><a href=\"https:\/\/www.irisacqua.it\/wp-content\/uploads\/2020\/07\/Convenzione-2017.pdf\">Konvencija-pogodba<\/a><\/strong>\u00ab, ki so jo podpisali septembra 2006.<\/p>\n","protected":false},"excerpt":{"rendered":"<p>Zakon \u0161t. 36 z dne 5. januarja 1994 (zakon Galli)&nbsp;je uvedel sistem Celovitega upravljanja z vodami (CUV), ki deluje v okviru tako imenovanih Optimalnih prostorskih okro\u017eij (OPO).Vsako Optimalno prostorsko okro\u017eje upravlja poseben Okro\u017eni organ (ki se je v Furlaniji \u2013 Julijski krajini zaradi ukinitve organov Optimalnih prostorskih okro\u017eij in v skladu z de\u017eelnim zakonom \u0161t. [&hellip;]<\/p>\n","protected":false},"author":1,"featured_media":0,"parent":0,"menu_order":0,"comment_status":"closed","ping_status":"closed","template":"","meta":{"footnotes":""},"class_list":["post-349","page","type-page","status-publish","hentry"],"acf":[],"_links":{"self":[{"href":"https:\/\/www.irisacqua.it\/sl\/wp-json\/wp\/v2\/pages\/349","targetHints":{"allow":["GET"]}}],"collection":[{"href":"https:\/\/www.irisacqua.it\/sl\/wp-json\/wp\/v2\/pages"}],"about":[{"href":"https:\/\/www.irisacqua.it\/sl\/wp-json\/wp\/v2\/types\/page"}],"author":[{"embeddable":true,"href":"https:\/\/www.irisacqua.it\/sl\/wp-json\/wp\/v2\/users\/1"}],"replies":[{"embeddable":true,"href":"https:\/\/www.irisacqua.it\/sl\/wp-json\/wp\/v2\/comments?post=349"}],"version-history":[{"count":6,"href":"https:\/\/www.irisacqua.it\/sl\/wp-json\/wp\/v2\/pages\/349\/revisions"}],"predecessor-version":[{"id":13641,"href":"https:\/\/www.irisacqua.it\/sl\/wp-json\/wp\/v2\/pages\/349\/revisions\/13641"}],"wp:attachment":[{"href":"https:\/\/www.irisacqua.it\/sl\/wp-json\/wp\/v2\/media?parent=349"}],"curies":[{"name":"wp","href":"https:\/\/api.w.org\/{rel}","templated":true}]}}