{"id":383,"date":"2020-07-14T11:43:00","date_gmt":"2020-07-14T09:43:00","guid":{"rendered":"https:\/\/www.irisacqua.it\/?page_id=383"},"modified":"2020-07-15T10:40:47","modified_gmt":"2020-07-15T08:40:47","slug":"prikljucitev-na-kanalizacijsko-omrezje","status":"publish","type":"page","link":"https:\/\/www.irisacqua.it\/sl\/za-stranke\/prikljucitev-na-kanalizacijsko-omrezje\/","title":{"rendered":"Priklju\u010ditev na kanalizacijsko omre\u017eje"},"content":{"rendered":"\n<p>Uporabniki, ki se \u017eelijo priklju\u010diti na kanalizacijsko omre\u017eje, morajo dru\u017ebi Irisacqua predlo\u017eiti vlogo in pridobiti dovoljenje za priklju\u010ditev na kanalizacijsko omre\u017eje z izpolnitvijo ustreznega obrazca za:<\/p>\n\n\n\n<p>1.\u00a0<a href=\"https:\/\/www.irisacqua.it\/wp-content\/uploads\/2020\/07\/Modulo-PO02_2-aut-fognatura-DOM22_05_18.pdf\">gospodinjstva in njim podobne uporabnike ali<\/a><br>2.<a href=\"https:\/\/www.irisacqua.it\/wp-content\/uploads\/2020\/07\/Modulo-PO02_2-aut-fognatura-IND-22_05_18.pdf\">\u00a0industrijske uporabnike<\/a><\/p>\n\n\n\n<p>obrazcu je treba prilo\u017eiti kopijo dokazila o pla\u010dilu\u00a0<a href=\"https:\/\/www.irisacqua.it\/wp-content\/uploads\/2020\/07\/oneri-di-istruttoria-per-autorizzazioni-2019.pdf\">upravne takse<\/a>\u00a0in vso ostalo dokumentacijo, ki je navedena v obrazcu.<br>Nato bodo uslu\u017ebenci dru\u017ebe Irisacqua opravili ogled na terenu in pripravili predra\u010dun za izvedbo del.<\/p>\n\n\n\n<p>Za izvedbo priklju\u010dka se lahko uporabnik obrne tudi na druge izvajalce. V tem primeru pa mora sporo\u010diti ime izvajalca ter datum za\u010detka in zaklju\u010dka del. Uslu\u017ebenci dru\u017ebe Irisacqua bodo pred dokon\u010dno izvedbo priklju\u010dka izvedena dela preverili.<br>\u010ce pa uporabnik izvedbo del naro\u010di dru\u017ebi Irisacqua, bodo njeni uslu\u017ebenci najprej opravili ogled lokacije in pripravili ustrezen predra\u010dun.<\/p>\n\n\n\n<p>Industrijski uporabniki morajo poleg vloge za pridobitev dovoljenja za priklju\u010ditev, ki jo predlo\u017eijo dru\u017ebi Irisacqua, Konzulti Optimalnega prostorskega okro\u017eja predlo\u017eiti tudi\u00a0<a href=\"https:\/\/www.irisacqua.it\/wp-content\/uploads\/2020\/07\/CATO_Richiesta_autorizzazione_scarico-agg-22.07.13.pdf\">vlogo za pridobitev dovoljenja za odvajanje vode<\/a>,\u00a0<a href=\"https:\/\/www.irisacqua.it\/wp-content\/uploads\/2020\/07\/CATO_Richiesta_rinnovo_aut_scarico-agg-22.07.13.pdf\">ki jo je treba podalj\u0161ati vsake \u0161tiri leta<\/a>.<br>V primeru, da je prej\u0161njemu uporabniku nasledil novi, morajo industrijski uporabniki Konzulti Optimalnega prostorskega okro\u017eja predlo\u017eiti vlogo za\u00a0<a href=\"https:\/\/www.irisacqua.it\/wp-content\/uploads\/2020\/07\/CATO_Richiesta_voltura_aut_allacciamento_e_scarico-agg-22.07.13.pdf\">prepis\u00a0<\/a>dovoljenja na svoje ime.<br>Za ve\u010d informacij je uporabnikom na voljo\u00a0<a href=\"https:\/\/www.irisacqua.it\/wp-content\/uploads\/2020\/07\/Regolamento-fognatura-1-1.pdf\">Pravilnik kanalizacijskega omre\u017eja.<\/a><\/p>\n","protected":false},"excerpt":{"rendered":"<p>Uporabniki, ki se \u017eelijo priklju\u010diti na kanalizacijsko omre\u017eje, morajo dru\u017ebi Irisacqua predlo\u017eiti vlogo in pridobiti dovoljenje za priklju\u010ditev na kanalizacijsko omre\u017eje z izpolnitvijo ustreznega obrazca za: 1.\u00a0gospodinjstva in njim podobne uporabnike ali2.\u00a0industrijske uporabnike obrazcu je treba prilo\u017eiti kopijo dokazila o pla\u010dilu\u00a0upravne takse\u00a0in vso ostalo dokumentacijo, ki je navedena v obrazcu.Nato bodo uslu\u017ebenci dru\u017ebe Irisacqua opravili [&hellip;]<\/p>\n","protected":false},"author":1,"featured_media":0,"parent":364,"menu_order":0,"comment_status":"closed","ping_status":"closed","template":"","meta":{"footnotes":""},"class_list":["post-383","page","type-page","status-publish","hentry"],"acf":[],"_links":{"self":[{"href":"https:\/\/www.irisacqua.it\/sl\/wp-json\/wp\/v2\/pages\/383","targetHints":{"allow":["GET"]}}],"collection":[{"href":"https:\/\/www.irisacqua.it\/sl\/wp-json\/wp\/v2\/pages"}],"about":[{"href":"https:\/\/www.irisacqua.it\/sl\/wp-json\/wp\/v2\/types\/page"}],"author":[{"embeddable":true,"href":"https:\/\/www.irisacqua.it\/sl\/wp-json\/wp\/v2\/users\/1"}],"replies":[{"embeddable":true,"href":"https:\/\/www.irisacqua.it\/sl\/wp-json\/wp\/v2\/comments?post=383"}],"version-history":[{"count":5,"href":"https:\/\/www.irisacqua.it\/sl\/wp-json\/wp\/v2\/pages\/383\/revisions"}],"predecessor-version":[{"id":698,"href":"https:\/\/www.irisacqua.it\/sl\/wp-json\/wp\/v2\/pages\/383\/revisions\/698"}],"up":[{"embeddable":true,"href":"https:\/\/www.irisacqua.it\/sl\/wp-json\/wp\/v2\/pages\/364"}],"wp:attachment":[{"href":"https:\/\/www.irisacqua.it\/sl\/wp-json\/wp\/v2\/media?parent=383"}],"curies":[{"name":"wp","href":"https:\/\/api.w.org\/{rel}","templated":true}]}}