{"id":409,"date":"2020-07-14T12:05:52","date_gmt":"2020-07-14T10:05:52","guid":{"rendered":"https:\/\/www.irisacqua.it\/?page_id=409"},"modified":"2020-07-15T11:24:14","modified_gmt":"2020-07-15T09:24:14","slug":"registracija-novega-uporabnika-2","status":"publish","type":"page","link":"https:\/\/www.irisacqua.it\/sl\/za-stranke\/informacije\/registracija-novega-uporabnika-2\/","title":{"rendered":"Registracija novega uporabnika"},"content":{"rendered":"\n<p>Vlogo za za\u010detek dobave je treba izpolniti na\u00a0<a href=\"https:\/\/www.irisacqua.it\/wp-content\/uploads\/2020\/07\/Modulo-Attivazione-Utenza-19_11_19.pdf\">obrazcu<\/a>, ki je na voljo na na\u0161i spletni strani, in jo vklju\u010dno z zahtevano dokumentacijo posredovati:<\/p>\n\n\n\n<ul class=\"wp-block-list\"><li>v \u010dasu uradnih ur v poslovalnicah dru\u017ebe Irisacqua<\/li><li>prek e-po\u0161te na naslov info@irisacqua.it<\/li><li>po faksu na \u0161tevilko 0481 593 410<\/li><li>po po\u0161ti na naslov ul. IX Agosto \u0161t. 15, 34170 Gorica<\/li><\/ul>\n\n\n\n<p>Postopek je enak tako v primeru novega uporabnika kot tudi v primeru prenosa ali prepisa.<br>Pred sklenitvijo pogodbe za dobavo vode je treba poravnati\u00a0<a href=\"https:\/\/www.irisacqua.it\/wp-content\/uploads\/2020\/07\/Info-spese-attivazione-utenza-agg-24.07.18.pdf\">stro\u0161ke za za\u010detek dobave<\/a>\u00a0na podlagi veljavnega cenika.<\/p>\n\n\n\n<p>Uslu\u017ebenci dru\u017ebe Irisacqua bodo dobavo vzpostavili v petih dneh od sklenitve pogodbe.<\/p>\n\n\n\n<p>Za ve\u010d informacij sta uporabnikom na voljo\u00a0<a href=\"https:\/\/www.irisacqua.it\/wp-content\/uploads\/2020\/07\/Regolamento-Acquedotto-approvato.pdf\">Pravilnik vodovodnega omre\u017eja<\/a>\u00a0in<a href=\"https:\/\/www.irisacqua.it\/wp-content\/uploads\/2020\/07\/Applicazione-Depositi-cauzionali-delibera-86-13-aggiornamento-del-22-10-2019.pdf\">\u00a0Pravilnik za ban\u010dne garancije.<\/a><\/p>\n","protected":false},"excerpt":{"rendered":"<p>Vlogo za za\u010detek dobave je treba izpolniti na\u00a0obrazcu, ki je na voljo na na\u0161i spletni strani, in jo vklju\u010dno z zahtevano dokumentacijo posredovati: v \u010dasu uradnih ur v poslovalnicah dru\u017ebe Irisacqua prek e-po\u0161te na naslov info@irisacqua.it po faksu na \u0161tevilko 0481 593 410 po po\u0161ti na naslov ul. IX Agosto \u0161t. 15, 34170 Gorica Postopek [&hellip;]<\/p>\n","protected":false},"author":1,"featured_media":0,"parent":11512,"menu_order":0,"comment_status":"closed","ping_status":"closed","template":"","meta":{"footnotes":""},"class_list":["post-409","page","type-page","status-publish","hentry"],"acf":[],"_links":{"self":[{"href":"https:\/\/www.irisacqua.it\/sl\/wp-json\/wp\/v2\/pages\/409","targetHints":{"allow":["GET"]}}],"collection":[{"href":"https:\/\/www.irisacqua.it\/sl\/wp-json\/wp\/v2\/pages"}],"about":[{"href":"https:\/\/www.irisacqua.it\/sl\/wp-json\/wp\/v2\/types\/page"}],"author":[{"embeddable":true,"href":"https:\/\/www.irisacqua.it\/sl\/wp-json\/wp\/v2\/users\/1"}],"replies":[{"embeddable":true,"href":"https:\/\/www.irisacqua.it\/sl\/wp-json\/wp\/v2\/comments?post=409"}],"version-history":[{"count":3,"href":"https:\/\/www.irisacqua.it\/sl\/wp-json\/wp\/v2\/pages\/409\/revisions"}],"predecessor-version":[{"id":707,"href":"https:\/\/www.irisacqua.it\/sl\/wp-json\/wp\/v2\/pages\/409\/revisions\/707"}],"up":[{"embeddable":true,"href":"https:\/\/www.irisacqua.it\/sl\/wp-json\/wp\/v2\/pages\/11512"}],"wp:attachment":[{"href":"https:\/\/www.irisacqua.it\/sl\/wp-json\/wp\/v2\/media?parent=409"}],"curies":[{"name":"wp","href":"https:\/\/api.w.org\/{rel}","templated":true}]}}