{"id":452,"date":"2020-07-14T12:53:56","date_gmt":"2020-07-14T10:53:56","guid":{"rendered":"https:\/\/www.irisacqua.it\/?page_id=452"},"modified":"2020-07-15T12:21:48","modified_gmt":"2020-07-15T10:21:48","slug":"puscanje-vode","status":"publish","type":"page","link":"https:\/\/www.irisacqua.it\/sl\/za-stranke\/puscanje-vode\/","title":{"rendered":"Pu\u0161\u010danje vode"},"content":{"rendered":"\n<p>Objekti, ki se nahajajo od vodomera dalje, so v lasti uporabnika, ki zanje odgovarja tako civilno kot tudi kazensko.<br>Irisacqua ne prevzema odgovornosti za \u0161kodo, ki bi nastala zaradi okvar na zasebnih vodovodnih napeljavah, niti ne zara\u010dunava popustov za morebitne razpr\u0161itve ali pu\u0161\u010danja na napeljavah, ki se nahajajo po vodomeru, ne glede na razlog.<\/p>\n\n\n\n<p>V primeru pa razpr\u0161itve vode na zasebnih napeljavah zaradi pu\u0161\u010danja, ki nastane zaradi okvar na vkopanih napeljavah ali na napeljavah, vgrajenih v zid ali beton, ki niso neposredno ali o\u010ditno opazne navzven in ki jih ne moremo pripisati malomarnemu ravnanju uporabnika, je od&nbsp;<strong>1. septembra 2013<\/strong>&nbsp;dru\u017eba Iriscaqua uvedla zavarovalno polico. Zavarovanci so tako upravi\u010deni do povra\u010dila za previsoke obra\u010dunane stro\u0161ke. Med taka pu\u0161\u010danja sicer ne sodijo tista, nastala zaradi nepravilnega delovanja pip, sanitarij in naprav za dvigovanje ali podobno.<\/p>\n\n\n\n<p>V primeru ugotovljenega pu\u0161\u010danja vode mora uporabnik:<\/p>\n\n\n\n<ul class=\"wp-block-list\"><li>prijaviti okvaro z izpolnitvijo ustreznega\u00a0<a href=\"https:\/\/www.irisacqua.it\/wp-content\/uploads\/2020\/07\/Modulo-di-denuncia-di-sinistro-per-perdita-occulta-agg-240518.pdf\">obrazca<\/a>, ki ga je potrebno poslati dru\u017ebi Irisacqua v 30 dneh od poteka roka za pla\u010dilo.\u00a0<\/li><li>dokazati najkasneje v 180 dneh od poteka roka za pla\u010dilo, da so bila izpeljana dela, potrebna za odpravo okvare s predlo\u017eitvijo ra\u010duna za izvedena popravilna dela in fotografij v zvezi s prej\u0161njim in poznej\u0161im stanjem.<\/li><li>zabele\u017eiti 50-odstotno vi\u0161jo porabo od povpre\u010dne, ki jo je zabele\u017eil v zadnjem letu.<\/li><\/ul>\n\n\n\n<p>V vseh zgoraj navedenih primerih, bo zavarovalna polica krila vse previsoke obra\u010dunane stro\u0161ke.<\/p>\n\n\n\n<p>L&#8217;operativit\u00e0 della garanzia \u00e8 subordinata alla presenza di due letture o autoletture annuali nello storico dell&#8217;utenza, dall&#8217;effettuazione delle quali \u00e8 quantificabile la dispersione ed il perdurare della stessa. Qualora risulti solo una lettura o autolettura annuale, la garanzia \u00e8 operante unicamente fino alla concorrenza di un importo per sinistro pari al 20% del corrispondente massimale di polizza.<\/p>\n\n\n\n<p>\u010ce uporabnik ne \u017eeli izkoristiti predlaganega zavarovanja, mora izpolniti ustrezen obrazec in ga poslati dru\u017ebi Irisacqua.<\/p>\n\n\n\n<p>Spomnimo poleg tega, da je po\u00a0<a href=\"https:\/\/www.irisacqua.it\/wp-content\/uploads\/2020\/07\/CARTA-SERVIZI-agg-01.07.2016-1.pdf\">Katalogu storitev<\/a>\u00a0predviden popust na ceni za uporabnika, ki ne \u017eeli izkoristiti zavarovanja ali ki je zabele\u017eil manj kot 50-odstotno porabo od povpre\u010dne v zadnjem letu.<br>V takih primerih, potem ko je uporabnik oddal vlogo na ustreznem\u00a0<a href=\"https:\/\/www.irisacqua.it\/wp-content\/uploads\/2020\/07\/Modulo-di-denuncia-di-sinistro-per-perdita-occulta-agg-240518.pdf\">obrazcu<\/a>\u00a0in dokazal izvedbo potrebnih del za odpravo izgube, bo Irisacqua ponovno obra\u010dunala stro\u0161ke in pri tem uveljavila ceno le za vodovodne storitve.<\/p>\n","protected":false},"excerpt":{"rendered":"<p>Objekti, ki se nahajajo od vodomera dalje, so v lasti uporabnika, ki zanje odgovarja tako civilno kot tudi kazensko.Irisacqua ne prevzema odgovornosti za \u0161kodo, ki bi nastala zaradi okvar na zasebnih vodovodnih napeljavah, niti ne zara\u010dunava popustov za morebitne razpr\u0161itve ali pu\u0161\u010danja na napeljavah, ki se nahajajo po vodomeru, ne glede na razlog. V primeru [&hellip;]<\/p>\n","protected":false},"author":1,"featured_media":0,"parent":364,"menu_order":0,"comment_status":"closed","ping_status":"closed","template":"","meta":{"footnotes":""},"class_list":["post-452","page","type-page","status-publish","hentry"],"acf":[],"_links":{"self":[{"href":"https:\/\/www.irisacqua.it\/sl\/wp-json\/wp\/v2\/pages\/452","targetHints":{"allow":["GET"]}}],"collection":[{"href":"https:\/\/www.irisacqua.it\/sl\/wp-json\/wp\/v2\/pages"}],"about":[{"href":"https:\/\/www.irisacqua.it\/sl\/wp-json\/wp\/v2\/types\/page"}],"author":[{"embeddable":true,"href":"https:\/\/www.irisacqua.it\/sl\/wp-json\/wp\/v2\/users\/1"}],"replies":[{"embeddable":true,"href":"https:\/\/www.irisacqua.it\/sl\/wp-json\/wp\/v2\/comments?post=452"}],"version-history":[{"count":5,"href":"https:\/\/www.irisacqua.it\/sl\/wp-json\/wp\/v2\/pages\/452\/revisions"}],"predecessor-version":[{"id":745,"href":"https:\/\/www.irisacqua.it\/sl\/wp-json\/wp\/v2\/pages\/452\/revisions\/745"}],"up":[{"embeddable":true,"href":"https:\/\/www.irisacqua.it\/sl\/wp-json\/wp\/v2\/pages\/364"}],"wp:attachment":[{"href":"https:\/\/www.irisacqua.it\/sl\/wp-json\/wp\/v2\/media?parent=452"}],"curies":[{"name":"wp","href":"https:\/\/api.w.org\/{rel}","templated":true}]}}