{"id":470,"date":"2020-07-14T13:56:16","date_gmt":"2020-07-14T11:56:16","guid":{"rendered":"https:\/\/www.irisacqua.it\/?page_id=470"},"modified":"2020-08-27T10:10:28","modified_gmt":"2020-08-27T08:10:28","slug":"kaj-storiti-v-primeru-izgube-racuna","status":"publish","type":"page","link":"https:\/\/www.irisacqua.it\/sl\/za-stranke\/informacije\/kaj-storiti-v-primeru-izgube-racuna\/","title":{"rendered":"Kaj storiti v primeru izgube ra\u010duna?"},"content":{"rendered":"\n<p>\u010ce je uporabnik izgubil ra\u010dun ali ga sploh ni prejel, lahko pokli\u010de na\u0161 klicni center na zeleno \u0161tevilko <a href=\"tel:800993131\">800 99 31 31<\/a> in prosi za ponovno izstavitev ra\u010duna (od ponedeljka do petka 8.-20. ure, ob sobotah 8.-13. ure).<\/p>\n","protected":false},"excerpt":{"rendered":"<p>\u010ce je uporabnik izgubil ra\u010dun ali ga sploh ni prejel, lahko pokli\u010de na\u0161 klicni center na zeleno \u0161tevilko 800 99 31 31 in prosi za ponovno izstavitev ra\u010duna (od ponedeljka do petka 8.-20. ure, ob sobotah 8.-13. ure).<\/p>\n","protected":false},"author":1,"featured_media":0,"parent":11512,"menu_order":0,"comment_status":"closed","ping_status":"closed","template":"","meta":{"footnotes":""},"class_list":["post-470","page","type-page","status-publish","hentry"],"acf":[],"_links":{"self":[{"href":"https:\/\/www.irisacqua.it\/sl\/wp-json\/wp\/v2\/pages\/470","targetHints":{"allow":["GET"]}}],"collection":[{"href":"https:\/\/www.irisacqua.it\/sl\/wp-json\/wp\/v2\/pages"}],"about":[{"href":"https:\/\/www.irisacqua.it\/sl\/wp-json\/wp\/v2\/types\/page"}],"author":[{"embeddable":true,"href":"https:\/\/www.irisacqua.it\/sl\/wp-json\/wp\/v2\/users\/1"}],"replies":[{"embeddable":true,"href":"https:\/\/www.irisacqua.it\/sl\/wp-json\/wp\/v2\/comments?post=470"}],"version-history":[{"count":2,"href":"https:\/\/www.irisacqua.it\/sl\/wp-json\/wp\/v2\/pages\/470\/revisions"}],"predecessor-version":[{"id":11336,"href":"https:\/\/www.irisacqua.it\/sl\/wp-json\/wp\/v2\/pages\/470\/revisions\/11336"}],"up":[{"embeddable":true,"href":"https:\/\/www.irisacqua.it\/sl\/wp-json\/wp\/v2\/pages\/11512"}],"wp:attachment":[{"href":"https:\/\/www.irisacqua.it\/sl\/wp-json\/wp\/v2\/media?parent=470"}],"curies":[{"name":"wp","href":"https:\/\/api.w.org\/{rel}","templated":true}]}}