{"id":514,"date":"2020-07-14T14:18:29","date_gmt":"2020-07-14T12:18:29","guid":{"rendered":"https:\/\/www.irisacqua.it\/?page_id=514"},"modified":"2020-08-28T07:22:51","modified_gmt":"2020-08-28T05:22:51","slug":"obracunavanje","status":"publish","type":"page","link":"https:\/\/www.irisacqua.it\/sl\/za-stranke\/racun\/obracunavanje\/","title":{"rendered":"Obra\u010dunavanje"},"content":{"rendered":"\n<p>Dru\u017eba po\u0161ilja uporabnikom ra\u010dune, ki se razlikujejo po obmo\u010djih Pokrajine Gorica, vsakih \u0161est mesecev razen v primeru uporabnikov, katerih poraba presega 3.000 kubi\u010dnih metrov letno in pri katerih se voda ne dobavlja sezonsko. V tem primeru se stro\u0161ki porabe vode obra\u010dunavajo v dveh mese\u010dnih akontacijah, nato pa dru\u017eba izvede pora\u010dun preteklega obra\u010dunskega obdobja.<br>Ra\u010duni v obliki akontacije se izstavijo glede na ocenjeno porabo vode, ki se izra\u010duna ob upo\u0161tevanju podatkov o porabi vode v zadnjih dveh letih, \u010de so na voljo.<br>Za nove pogodbe se obra\u010dun izvede na podlagi ocene povpre\u010dne porabe vode za pripadajo\u010do vrsto pogodbe na podlagi predpisanih standardov.<br>Pora\u010duni se izstavijo po dejanskem od\u010ditku vodomera, pri \u010demer se uveljavi razlika na izmerjeni porabi od zadnjega od\u010ditavanja. Vodomere od\u010ditavajo popisovalci dru\u017ebe Irisacqua ali neposredno uporabniki na podlagi samostojnega od\u010ditavanja.<br>Za uporabnike ve\u010dstanovanjskih stavb z glavnim in stranskim vodomerom, pri katerih ni mo\u017eno od\u010ditavanje vodomera, se upo\u0161teva domnevna poraba na podlagi zgodovinskih podatkov o porabi vode, pla\u010dilo pa se opravi v obliki pora\u010duna. To je potrebno zato, da se poraba glavnega vodomera od\u0161teje od porabe stranskih vodomerov.<\/p>\n","protected":false},"excerpt":{"rendered":"<p>Dru\u017eba po\u0161ilja uporabnikom ra\u010dune, ki se razlikujejo po obmo\u010djih Pokrajine Gorica, vsakih \u0161est mesecev razen v primeru uporabnikov, katerih poraba presega 3.000 kubi\u010dnih metrov letno in pri katerih se voda ne dobavlja sezonsko. V tem primeru se stro\u0161ki porabe vode obra\u010dunavajo v dveh mese\u010dnih akontacijah, nato pa dru\u017eba izvede pora\u010dun preteklega obra\u010dunskega obdobja.Ra\u010duni v obliki [&hellip;]<\/p>\n","protected":false},"author":1,"featured_media":0,"parent":783,"menu_order":0,"comment_status":"closed","ping_status":"closed","template":"","meta":{"footnotes":""},"class_list":["post-514","page","type-page","status-publish","hentry"],"acf":[],"_links":{"self":[{"href":"https:\/\/www.irisacqua.it\/sl\/wp-json\/wp\/v2\/pages\/514","targetHints":{"allow":["GET"]}}],"collection":[{"href":"https:\/\/www.irisacqua.it\/sl\/wp-json\/wp\/v2\/pages"}],"about":[{"href":"https:\/\/www.irisacqua.it\/sl\/wp-json\/wp\/v2\/types\/page"}],"author":[{"embeddable":true,"href":"https:\/\/www.irisacqua.it\/sl\/wp-json\/wp\/v2\/users\/1"}],"replies":[{"embeddable":true,"href":"https:\/\/www.irisacqua.it\/sl\/wp-json\/wp\/v2\/comments?post=514"}],"version-history":[{"count":5,"href":"https:\/\/www.irisacqua.it\/sl\/wp-json\/wp\/v2\/pages\/514\/revisions"}],"predecessor-version":[{"id":11602,"href":"https:\/\/www.irisacqua.it\/sl\/wp-json\/wp\/v2\/pages\/514\/revisions\/11602"}],"up":[{"embeddable":true,"href":"https:\/\/www.irisacqua.it\/sl\/wp-json\/wp\/v2\/pages\/783"}],"wp:attachment":[{"href":"https:\/\/www.irisacqua.it\/sl\/wp-json\/wp\/v2\/media?parent=514"}],"curies":[{"name":"wp","href":"https:\/\/api.w.org\/{rel}","templated":true}]}}