{"id":528,"date":"2020-07-14T14:26:52","date_gmt":"2020-07-14T12:26:52","guid":{"rendered":"https:\/\/www.irisacqua.it\/?page_id=528"},"modified":"2020-08-28T07:27:25","modified_gmt":"2020-08-28T05:27:25","slug":"cenik","status":"publish","type":"page","link":"https:\/\/www.irisacqua.it\/sl\/za-stranke\/racun\/cenik\/","title":{"rendered":"Cenik"},"content":{"rendered":"\n<p>Leta 2012 je nacionalni regulativni organ za dobavo elektri\u010dne energije in plina uvedel postopek za ponovno opredelitev cene, ki se bo uveljavljala na storitvah oskrbe z vodo tudi ob upo\u0161tevanju rezultatov referenduma iz junija 2011.<\/p>\n\n\n\n<p>Postopek se je zaklju\u010dil z objavo sklepa \u0161t. 585\/2012\/R\/IDR z dne 28. decembra 2012, v katerem je opisana za\u010dasna metoda za dolo\u010danje tarifne postavke, ki jo je treba uveljaviti za leti 2012 in 2013.<\/p>\n\n\n\n<p>Pri\u010dakujemo, da bodo nove tarifne postavke potrjene v prvi polovici leta 2013. Do takrat bodo upravljavci za\u010dasno uveljavljali tarife, ki so veljale v okviru prej\u0161nje metode izra\u010duna.<\/p>\n\n\n\n<p>Ve\u010d informacij je uporabnikom na voljo na spletni strani&nbsp;<a href=\"http:\/\/www.autorita.energia.it\/\">www.autorita.energia.it<\/a>.<\/p>\n\n\n\n<p>Ko bodo znane nove tarifne postavke, bomo o tem nemudoma obvestili uporabnike.<\/p>\n","protected":false},"excerpt":{"rendered":"<p>Leta 2012 je nacionalni regulativni organ za dobavo elektri\u010dne energije in plina uvedel postopek za ponovno opredelitev cene, ki se bo uveljavljala na storitvah oskrbe z vodo tudi ob upo\u0161tevanju rezultatov referenduma iz junija 2011. Postopek se je zaklju\u010dil z objavo sklepa \u0161t. 585\/2012\/R\/IDR z dne 28. decembra 2012, v katerem je opisana za\u010dasna metoda [&hellip;]<\/p>\n","protected":false},"author":1,"featured_media":0,"parent":783,"menu_order":0,"comment_status":"closed","ping_status":"closed","template":"","meta":{"footnotes":""},"class_list":["post-528","page","type-page","status-publish","hentry"],"acf":[],"_links":{"self":[{"href":"https:\/\/www.irisacqua.it\/sl\/wp-json\/wp\/v2\/pages\/528","targetHints":{"allow":["GET"]}}],"collection":[{"href":"https:\/\/www.irisacqua.it\/sl\/wp-json\/wp\/v2\/pages"}],"about":[{"href":"https:\/\/www.irisacqua.it\/sl\/wp-json\/wp\/v2\/types\/page"}],"author":[{"embeddable":true,"href":"https:\/\/www.irisacqua.it\/sl\/wp-json\/wp\/v2\/users\/1"}],"replies":[{"embeddable":true,"href":"https:\/\/www.irisacqua.it\/sl\/wp-json\/wp\/v2\/comments?post=528"}],"version-history":[{"count":3,"href":"https:\/\/www.irisacqua.it\/sl\/wp-json\/wp\/v2\/pages\/528\/revisions"}],"predecessor-version":[{"id":11933,"href":"https:\/\/www.irisacqua.it\/sl\/wp-json\/wp\/v2\/pages\/528\/revisions\/11933"}],"up":[{"embeddable":true,"href":"https:\/\/www.irisacqua.it\/sl\/wp-json\/wp\/v2\/pages\/783"}],"wp:attachment":[{"href":"https:\/\/www.irisacqua.it\/sl\/wp-json\/wp\/v2\/media?parent=528"}],"curies":[{"name":"wp","href":"https:\/\/api.w.org\/{rel}","templated":true}]}}