{"id":546,"date":"2020-07-14T14:34:20","date_gmt":"2020-07-14T12:34:20","guid":{"rendered":"https:\/\/www.irisacqua.it\/?page_id=546"},"modified":"2020-07-15T14:09:25","modified_gmt":"2020-07-15T12:09:25","slug":"preplacila","status":"publish","type":"page","link":"https:\/\/www.irisacqua.it\/sl\/za-stranke\/racun\/preplacila\/","title":{"rendered":"Prepla\u010dila"},"content":{"rendered":"\n<p>V primeru izstavitve dobropisa in \u010de je uporabnik redno pla\u010deval ra\u010dune, bo dru\u017eba Irisacqua upo\u0161tevala naslednji postopek:<\/p>\n\n\n\n<ul class=\"wp-block-list\"><li>za ra\u010dune \u2264 100 evrov se izstavi dobropis v naslednjem ra\u010dunu<\/li><li>za ra\u010dune &gt; 100 se vra\u010dilo opravi z ban\u010dnim \u010dekom ali nakazilom.<\/li><\/ul>\n\n\n\n<p>\u010ce je uporabnik prekinil pogodbo in je redno pla\u010deval ra\u010dune, se morebitni dobropis uporabniku izpla\u010da v gotovini na sede\u017eu dru\u017ebe Irisacqua za zneske do 10 evrov oziroma z ban\u010dnim \u010dekom ali nakazilom za zneske, vi\u0161je od 10 evrov.<\/p>\n","protected":false},"excerpt":{"rendered":"<p>V primeru izstavitve dobropisa in \u010de je uporabnik redno pla\u010deval ra\u010dune, bo dru\u017eba Irisacqua upo\u0161tevala naslednji postopek: za ra\u010dune \u2264 100 evrov se izstavi dobropis v naslednjem ra\u010dunu za ra\u010dune &gt; 100 se vra\u010dilo opravi z ban\u010dnim \u010dekom ali nakazilom. \u010ce je uporabnik prekinil pogodbo in je redno pla\u010deval ra\u010dune, se morebitni dobropis uporabniku izpla\u010da [&hellip;]<\/p>\n","protected":false},"author":1,"featured_media":0,"parent":783,"menu_order":0,"comment_status":"closed","ping_status":"closed","template":"","meta":{"footnotes":""},"class_list":["post-546","page","type-page","status-publish","hentry"],"acf":[],"_links":{"self":[{"href":"https:\/\/www.irisacqua.it\/sl\/wp-json\/wp\/v2\/pages\/546","targetHints":{"allow":["GET"]}}],"collection":[{"href":"https:\/\/www.irisacqua.it\/sl\/wp-json\/wp\/v2\/pages"}],"about":[{"href":"https:\/\/www.irisacqua.it\/sl\/wp-json\/wp\/v2\/types\/page"}],"author":[{"embeddable":true,"href":"https:\/\/www.irisacqua.it\/sl\/wp-json\/wp\/v2\/users\/1"}],"replies":[{"embeddable":true,"href":"https:\/\/www.irisacqua.it\/sl\/wp-json\/wp\/v2\/comments?post=546"}],"version-history":[{"count":1,"href":"https:\/\/www.irisacqua.it\/sl\/wp-json\/wp\/v2\/pages\/546\/revisions"}],"predecessor-version":[{"id":547,"href":"https:\/\/www.irisacqua.it\/sl\/wp-json\/wp\/v2\/pages\/546\/revisions\/547"}],"up":[{"embeddable":true,"href":"https:\/\/www.irisacqua.it\/sl\/wp-json\/wp\/v2\/pages\/783"}],"wp:attachment":[{"href":"https:\/\/www.irisacqua.it\/sl\/wp-json\/wp\/v2\/media?parent=546"}],"curies":[{"name":"wp","href":"https:\/\/api.w.org\/{rel}","templated":true}]}}