{"id":610,"date":"2020-07-14T15:32:13","date_gmt":"2020-07-14T13:32:13","guid":{"rendered":"https:\/\/www.irisacqua.it\/?page_id=610"},"modified":"2020-07-14T15:32:15","modified_gmt":"2020-07-14T13:32:15","slug":"kakovost-dobavljene-vode","status":"publish","type":"page","link":"https:\/\/www.irisacqua.it\/sl\/druzba\/kakovost-dobavljene-vode\/","title":{"rendered":"Kakovost dobavljene vode"},"content":{"rendered":"\n<p>Voda, ki jo pre\u010drpavamo v omre\u017eje, priteka iz globokih vodonosnikov in je podvr\u017eena stalnemu nadzoru in monitoringu, da se preveri zado\u0161\u010danje minimalnim pogojem, ki jih predpisuje veljavna zakonodaja (uredba \u0161t. 31\/2001).<br>Ob\u010dasno se izvaja vzor\u010denje vode na najbolj ob\u010dutljivih predelih vodovodnega omre\u017eja; izdela se dve vrsti analiz:<\/p>\n\n\n\n<ul class=\"wp-block-list\"><li>rutinske analize: njihov namen je ugotavljanje kakovosti in vsebnosti osnovnih sestavin;<\/li><li>kontrolne analize: izvedejo se natan\u010dni nadzori za preverjanje prisotnosti kemijskih ali biolo\u0161kih onesna\u017eevalcev.<\/li><\/ul>\n","protected":false},"excerpt":{"rendered":"<p>Voda, ki jo pre\u010drpavamo v omre\u017eje, priteka iz globokih vodonosnikov in je podvr\u017eena stalnemu nadzoru in monitoringu, da se preveri zado\u0161\u010danje minimalnim pogojem, ki jih predpisuje veljavna zakonodaja (uredba \u0161t. 31\/2001).Ob\u010dasno se izvaja vzor\u010denje vode na najbolj ob\u010dutljivih predelih vodovodnega omre\u017eja; izdela se dve vrsti analiz: rutinske analize: njihov namen je ugotavljanje kakovosti in vsebnosti [&hellip;]<\/p>\n","protected":false},"author":1,"featured_media":0,"parent":349,"menu_order":0,"comment_status":"closed","ping_status":"closed","template":"template\/qualita-acqua.php","meta":{"footnotes":""},"class_list":["post-610","page","type-page","status-publish","hentry"],"acf":[],"_links":{"self":[{"href":"https:\/\/www.irisacqua.it\/sl\/wp-json\/wp\/v2\/pages\/610","targetHints":{"allow":["GET"]}}],"collection":[{"href":"https:\/\/www.irisacqua.it\/sl\/wp-json\/wp\/v2\/pages"}],"about":[{"href":"https:\/\/www.irisacqua.it\/sl\/wp-json\/wp\/v2\/types\/page"}],"author":[{"embeddable":true,"href":"https:\/\/www.irisacqua.it\/sl\/wp-json\/wp\/v2\/users\/1"}],"replies":[{"embeddable":true,"href":"https:\/\/www.irisacqua.it\/sl\/wp-json\/wp\/v2\/comments?post=610"}],"version-history":[{"count":2,"href":"https:\/\/www.irisacqua.it\/sl\/wp-json\/wp\/v2\/pages\/610\/revisions"}],"predecessor-version":[{"id":612,"href":"https:\/\/www.irisacqua.it\/sl\/wp-json\/wp\/v2\/pages\/610\/revisions\/612"}],"up":[{"embeddable":true,"href":"https:\/\/www.irisacqua.it\/sl\/wp-json\/wp\/v2\/pages\/349"}],"wp:attachment":[{"href":"https:\/\/www.irisacqua.it\/sl\/wp-json\/wp\/v2\/media?parent=610"}],"curies":[{"name":"wp","href":"https:\/\/api.w.org\/{rel}","templated":true}]}}