{"id":679,"date":"2020-07-15T10:15:50","date_gmt":"2020-07-15T08:15:50","guid":{"rendered":"https:\/\/www.irisacqua.it\/?page_id=679"},"modified":"2020-07-15T10:17:40","modified_gmt":"2020-07-15T08:17:40","slug":"pridobitev-tehnicne-ekspertize-v-primeru-izvedbe-komunalnih-del-2","status":"publish","type":"page","link":"https:\/\/www.irisacqua.it\/sl\/za-stranke\/informacije\/pridobitev-tehnicne-ekspertize-v-primeru-izvedbe-komunalnih-del-2\/","title":{"rendered":"Pridobitev tehni\u010dne ekspertize v primeru izvedbe komunalnih del"},"content":{"rendered":"\n<p>Za pridobitev tehni\u010dne ekspertize v primeru izvedbe komunalnih del morajo uporabniki vlo\u017eiti pro\u0161njo:<\/p>\n\n\n\n<ul class=\"wp-block-list\"><li>po e-po\u0161ti na naslov info@irisacqua.it<\/li><li>po faksu na \u0161tevilko 0481 593 410<\/li><li>po po\u0161ti na naslov ul. IX Agosto \u0161t. 15, 34170 Gorica<\/li><\/ul>\n\n\n\n<p>Pro\u0161nji je treba prilo\u017eiti kopijo dokazila o pla\u010dilu\u00a0<a href=\"https:\/\/www.irisacqua.it\/wp-content\/uploads\/2020\/07\/Tariffario-pareri-lottizzazioni-AGG-16.10.13.pdf\">upravnih taks za izvedbo postopka<\/a>. Uporabniki poravnajo pla\u010dilo:<\/p>\n\n\n\n<ol class=\"wp-block-list\"><li>prek po\u0161tnega teko\u010dega ra\u010duna \u0161t. 000074815739 (IBAN CODE IT18 J 07601 12400 000074815739) dru\u017ebe Irisacqua srl, ul. IX Agosto 15, 34170 Gorica<\/li><li>z ban\u010dnim nakazilom na transakcijski ra\u010dun Irisacqua srl pri banki Cassa di Risparmio del Friuli Venezia Giulia SpA &#8211; Korzo Verdi 104, Gorica (IBAN CODE IT13 O 06340 12410 1000 0000 3658)<\/li><\/ol>\n\n\n\n<p>Dru\u017eba si pridr\u017euje pravico, da oblikuje prilagojene ponudbe v primeru izvedbe del, ki presegajo obi\u010dajne standarde za tovrstne posege.<\/p>\n","protected":false},"excerpt":{"rendered":"<p>Za pridobitev tehni\u010dne ekspertize v primeru izvedbe komunalnih del morajo uporabniki vlo\u017eiti pro\u0161njo: po e-po\u0161ti na naslov info@irisacqua.it po faksu na \u0161tevilko 0481 593 410 po po\u0161ti na naslov ul. IX Agosto \u0161t. 15, 34170 Gorica Pro\u0161nji je treba prilo\u017eiti kopijo dokazila o pla\u010dilu\u00a0upravnih taks za izvedbo postopka. Uporabniki poravnajo pla\u010dilo: prek po\u0161tnega teko\u010dega ra\u010duna [&hellip;]<\/p>\n","protected":false},"author":1,"featured_media":0,"parent":11512,"menu_order":0,"comment_status":"closed","ping_status":"closed","template":"","meta":{"footnotes":""},"class_list":["post-679","page","type-page","status-publish","hentry"],"acf":[],"_links":{"self":[{"href":"https:\/\/www.irisacqua.it\/sl\/wp-json\/wp\/v2\/pages\/679","targetHints":{"allow":["GET"]}}],"collection":[{"href":"https:\/\/www.irisacqua.it\/sl\/wp-json\/wp\/v2\/pages"}],"about":[{"href":"https:\/\/www.irisacqua.it\/sl\/wp-json\/wp\/v2\/types\/page"}],"author":[{"embeddable":true,"href":"https:\/\/www.irisacqua.it\/sl\/wp-json\/wp\/v2\/users\/1"}],"replies":[{"embeddable":true,"href":"https:\/\/www.irisacqua.it\/sl\/wp-json\/wp\/v2\/comments?post=679"}],"version-history":[{"count":2,"href":"https:\/\/www.irisacqua.it\/sl\/wp-json\/wp\/v2\/pages\/679\/revisions"}],"predecessor-version":[{"id":684,"href":"https:\/\/www.irisacqua.it\/sl\/wp-json\/wp\/v2\/pages\/679\/revisions\/684"}],"up":[{"embeddable":true,"href":"https:\/\/www.irisacqua.it\/sl\/wp-json\/wp\/v2\/pages\/11512"}],"wp:attachment":[{"href":"https:\/\/www.irisacqua.it\/sl\/wp-json\/wp\/v2\/media?parent=679"}],"curies":[{"name":"wp","href":"https:\/\/api.w.org\/{rel}","templated":true}]}}