{"id":709,"date":"2020-07-15T11:28:34","date_gmt":"2020-07-15T09:28:34","guid":{"rendered":"https:\/\/www.irisacqua.it\/?page_id=709"},"modified":"2020-08-27T10:08:47","modified_gmt":"2020-08-27T08:08:47","slug":"postopek-za-spremembo-osebnih-podatkov-ali-naslova","status":"publish","type":"page","link":"https:\/\/www.irisacqua.it\/sl\/za-stranke\/informacije\/postopek-za-spremembo-osebnih-podatkov-ali-naslova\/","title":{"rendered":"Postopek za spremembo osebnih podatkov ali naslova"},"content":{"rendered":"\n<p>\u010ce \u017eeli uporabnik sporo\u010diti spremembo osebnih podatkov ali naslova za po\u0161iljanje ra\u010dunov, lahko pokli\u010de na\u0161 klicni center na zeleno \u0161tevilko <a href=\"tel:800993131\">800 99 31 31<\/a> (od ponedeljka do petka 8.-20. ure, ob sobotah 8.-13. ure) ali se neposredno oglasi v poslovalnicah dru\u017ebe.<\/p>\n","protected":false},"excerpt":{"rendered":"<p>\u010ce \u017eeli uporabnik sporo\u010diti spremembo osebnih podatkov ali naslova za po\u0161iljanje ra\u010dunov, lahko pokli\u010de na\u0161 klicni center na zeleno \u0161tevilko 800 99 31 31 (od ponedeljka do petka 8.-20. ure, ob sobotah 8.-13. ure) ali se neposredno oglasi v poslovalnicah dru\u017ebe.<\/p>\n","protected":false},"author":1,"featured_media":0,"parent":11512,"menu_order":0,"comment_status":"closed","ping_status":"closed","template":"","meta":{"footnotes":""},"class_list":["post-709","page","type-page","status-publish","hentry"],"acf":[],"_links":{"self":[{"href":"https:\/\/www.irisacqua.it\/sl\/wp-json\/wp\/v2\/pages\/709","targetHints":{"allow":["GET"]}}],"collection":[{"href":"https:\/\/www.irisacqua.it\/sl\/wp-json\/wp\/v2\/pages"}],"about":[{"href":"https:\/\/www.irisacqua.it\/sl\/wp-json\/wp\/v2\/types\/page"}],"author":[{"embeddable":true,"href":"https:\/\/www.irisacqua.it\/sl\/wp-json\/wp\/v2\/users\/1"}],"replies":[{"embeddable":true,"href":"https:\/\/www.irisacqua.it\/sl\/wp-json\/wp\/v2\/comments?post=709"}],"version-history":[{"count":2,"href":"https:\/\/www.irisacqua.it\/sl\/wp-json\/wp\/v2\/pages\/709\/revisions"}],"predecessor-version":[{"id":11331,"href":"https:\/\/www.irisacqua.it\/sl\/wp-json\/wp\/v2\/pages\/709\/revisions\/11331"}],"up":[{"embeddable":true,"href":"https:\/\/www.irisacqua.it\/sl\/wp-json\/wp\/v2\/pages\/11512"}],"wp:attachment":[{"href":"https:\/\/www.irisacqua.it\/sl\/wp-json\/wp\/v2\/media?parent=709"}],"curies":[{"name":"wp","href":"https:\/\/api.w.org\/{rel}","templated":true}]}}