{"id":718,"date":"2020-07-15T11:39:15","date_gmt":"2020-07-15T09:39:15","guid":{"rendered":"https:\/\/www.irisacqua.it\/?page_id=718"},"modified":"2020-08-27T10:09:25","modified_gmt":"2020-08-27T08:09:25","slug":"samostojno-odcitavanje-vodomera","status":"publish","type":"page","link":"https:\/\/www.irisacqua.it\/sl\/za-stranke\/informacije\/samostojno-odcitavanje-vodomera\/","title":{"rendered":"Samostojno od\u010ditavanje vodomera"},"content":{"rendered":"\n<p>Pristojni uslu\u017ebenci dru\u017ebe Irisacqua od\u010ditavajo dejansko porabo vode vsaj dvakrat letno.<br>\u010ce so vodomeri na nedosegljivem mestu ali \u010de uporabnik ob pregledu uslu\u017ebenca ni prisoten, mu bo uslu\u017ebenec pustil posebno obvestilo in ga povabil, naj sam od\u010dita vodomer in naj podatke sporo\u010di na zeleno \u0161tevilko za samostojno od\u010ditavanje <a href=\"tel:800993131\">800 99 31 91<\/a> (od ponedeljka do petka 8.-20. ure, ob sobotah 8.-13. ure).<\/p>\n","protected":false},"excerpt":{"rendered":"<p>Pristojni uslu\u017ebenci dru\u017ebe Irisacqua od\u010ditavajo dejansko porabo vode vsaj dvakrat letno.\u010ce so vodomeri na nedosegljivem mestu ali \u010de uporabnik ob pregledu uslu\u017ebenca ni prisoten, mu bo uslu\u017ebenec pustil posebno obvestilo in ga povabil, naj sam od\u010dita vodomer in naj podatke sporo\u010di na zeleno \u0161tevilko za samostojno od\u010ditavanje 800 99 31 91 (od ponedeljka do petka [&hellip;]<\/p>\n","protected":false},"author":1,"featured_media":0,"parent":11512,"menu_order":0,"comment_status":"closed","ping_status":"closed","template":"","meta":{"footnotes":""},"class_list":["post-718","page","type-page","status-publish","hentry"],"acf":[],"_links":{"self":[{"href":"https:\/\/www.irisacqua.it\/sl\/wp-json\/wp\/v2\/pages\/718","targetHints":{"allow":["GET"]}}],"collection":[{"href":"https:\/\/www.irisacqua.it\/sl\/wp-json\/wp\/v2\/pages"}],"about":[{"href":"https:\/\/www.irisacqua.it\/sl\/wp-json\/wp\/v2\/types\/page"}],"author":[{"embeddable":true,"href":"https:\/\/www.irisacqua.it\/sl\/wp-json\/wp\/v2\/users\/1"}],"replies":[{"embeddable":true,"href":"https:\/\/www.irisacqua.it\/sl\/wp-json\/wp\/v2\/comments?post=718"}],"version-history":[{"count":2,"href":"https:\/\/www.irisacqua.it\/sl\/wp-json\/wp\/v2\/pages\/718\/revisions"}],"predecessor-version":[{"id":11333,"href":"https:\/\/www.irisacqua.it\/sl\/wp-json\/wp\/v2\/pages\/718\/revisions\/11333"}],"up":[{"embeddable":true,"href":"https:\/\/www.irisacqua.it\/sl\/wp-json\/wp\/v2\/pages\/11512"}],"wp:attachment":[{"href":"https:\/\/www.irisacqua.it\/sl\/wp-json\/wp\/v2\/media?parent=718"}],"curies":[{"name":"wp","href":"https:\/\/api.w.org\/{rel}","templated":true}]}}