{"id":762,"date":"2020-07-15T12:44:11","date_gmt":"2020-07-15T10:44:11","guid":{"rendered":"https:\/\/www.irisacqua.it\/?page_id=762"},"modified":"2020-08-27T11:08:03","modified_gmt":"2020-08-27T09:08:03","slug":"kako-vloziti-reklamacijo-2","status":"publish","type":"page","link":"https:\/\/www.irisacqua.it\/sl\/za-stranke\/kako-vloziti-reklamacijo-2\/","title":{"rendered":"Kako vlo\u017eiti reklamacijo?"},"content":{"rendered":"\n<p>Vsi uporabniki imajo pravico do vlo\u017eitve reklamacije. Za dru\u017ebo Irisacqua je to pomembna prilo\u017enost za izbolj\u0161anje njenih storitev.<br>Uporabniki lahko vlo\u017eijo&nbsp;<a href=\"https:\/\/www.irisacqua.it\/wp-content\/uploads\/2020\/07\/MOD-PS16_1-reclamo-Rev2-28_01_19-.pdf\">reklamacijo<\/a>:<\/p>\n\n\n\n<ol class=\"wp-block-list\"><li>v \u010dasu uradnih ur v poslovalnicah dru\u017ebe Irisacqua<\/li><li>prek e-po\u0161te na naslov info@irisacqua.it po faksu na \u0161tevilko 0481 593 410<\/li><li>po po\u0161ti na naslov ul. IX Agosto \u0161t. 15, 34170 Gorica<\/li><li>prek zelene \u0161tevilke 800 99 31 31<\/li><\/ol>\n\n\n\n<p>V reklamaciji morajo uporabniki za izvedbo potrebnih preverjanj navesti svojo identifikacijsko \u0161tevilko, ki je zapisana v ra\u010dunih, in vse razpolo\u017eljive informacije v dokaz morebitnih kr\u0161itev s strani dru\u017ebe Irisacqua.<\/p>\n\n\n\n<p>Irisacqua se obve\u017ee, da bo na reklamacijo odgovorila v 30 dneh.<\/p>\n","protected":false},"excerpt":{"rendered":"<p>Vsi uporabniki imajo pravico do vlo\u017eitve reklamacije. Za dru\u017ebo Irisacqua je to pomembna prilo\u017enost za izbolj\u0161anje njenih storitev.Uporabniki lahko vlo\u017eijo&nbsp;reklamacijo: v \u010dasu uradnih ur v poslovalnicah dru\u017ebe Irisacqua prek e-po\u0161te na naslov info@irisacqua.it po faksu na \u0161tevilko 0481 593 410 po po\u0161ti na naslov ul. IX Agosto \u0161t. 15, 34170 Gorica prek zelene \u0161tevilke 800 [&hellip;]<\/p>\n","protected":false},"author":1,"featured_media":0,"parent":364,"menu_order":0,"comment_status":"closed","ping_status":"closed","template":"","meta":{"footnotes":""},"class_list":["post-762","page","type-page","status-publish","hentry"],"acf":[],"_links":{"self":[{"href":"https:\/\/www.irisacqua.it\/sl\/wp-json\/wp\/v2\/pages\/762","targetHints":{"allow":["GET"]}}],"collection":[{"href":"https:\/\/www.irisacqua.it\/sl\/wp-json\/wp\/v2\/pages"}],"about":[{"href":"https:\/\/www.irisacqua.it\/sl\/wp-json\/wp\/v2\/types\/page"}],"author":[{"embeddable":true,"href":"https:\/\/www.irisacqua.it\/sl\/wp-json\/wp\/v2\/users\/1"}],"replies":[{"embeddable":true,"href":"https:\/\/www.irisacqua.it\/sl\/wp-json\/wp\/v2\/comments?post=762"}],"version-history":[{"count":2,"href":"https:\/\/www.irisacqua.it\/sl\/wp-json\/wp\/v2\/pages\/762\/revisions"}],"predecessor-version":[{"id":11534,"href":"https:\/\/www.irisacqua.it\/sl\/wp-json\/wp\/v2\/pages\/762\/revisions\/11534"}],"up":[{"embeddable":true,"href":"https:\/\/www.irisacqua.it\/sl\/wp-json\/wp\/v2\/pages\/364"}],"wp:attachment":[{"href":"https:\/\/www.irisacqua.it\/sl\/wp-json\/wp\/v2\/media?parent=762"}],"curies":[{"name":"wp","href":"https:\/\/api.w.org\/{rel}","templated":true}]}}